{"id":90,"date":"2017-05-05T14:10:44","date_gmt":"2017-05-05T14:10:44","guid":{"rendered":"https:\/\/vrlab.studio\/?page_id=90"},"modified":"2025-09-27T00:01:00","modified_gmt":"2025-09-27T00:01:00","slug":"contacts","status":"publish","type":"page","link":"https:\/\/vita-l.com\/tr\/?page_id=90","title":{"rendered":"\u0130leti\u015fim"},"content":{"rendered":"<div class=\"wpb-content-wrapper\"><p>[vc_row][vc_column][vc_empty_space alter_height=&#8221;huge&#8221; hide_on_mobile=&#8221;&#8221;]<div class=\"sc_layouts sc_layouts_default sc_layouts_342\">[vc_row][vc_column icons_position=\"left\"]<div class=\"sc_layouts_item\"><div id=\"sc_title_1781087072\"\n\t\tclass=\"sc_title color_style_default sc_title_default\"><h6 class=\"sc_item_subtitle sc_title_subtitle sc_align_center sc_item_title_style_default\"> Ekip \u00fcyelerimiz size en k\u0131sa s\u00fcrede geri d\u00f6necektir.<\/h6><h3 class=\"sc_item_title sc_title_title sc_align_center sc_item_title_style_default\">Sorular\u0131n\u0131z m\u0131 var? \u0130\u015f birli\u011fi mi d\u00fc\u015f\u00fcn\u00fcyorsunuz?<\/h3><div class=\"sc_item_descr sc_title_descr sc_align_center\"><p>Proje ortakl\u0131\u011f\u0131, hizmetlerimiz veya e\u011fitim \u00e7\u00f6z\u00fcmlerimiz hakk\u0131nda bilgi almak i\u00e7in bizimle ileti\u015fime ge\u00e7ebilirsiniz.<\/p>\n<\/div><div class=\"sc_layouts_item\"><div class=\"sc_item_button sc_item_button_default sc_title_button sc_align_center sc_button_wrap sc_align_center\"><a href=\"mailto:vitaactionlab@gmail.com\" id=\"sc_button_831178273\" class=\"sc_button color_style_default sc_button_default sc_button_size_normal sc_button_icon_left\"><span class=\"sc_button_text\"><span class=\"sc_button_title\">vitaactionlab@gmail.com<\/span><\/span><!-- \/.sc_button_text --><\/a><!-- \/.sc_button --><\/div><!-- \/.sc_item_button sc_item_button_default sc_title_button sc_align_center --><\/div><\/div><!-- \/.sc_title --><\/div>[vc_empty_space alter_height=\"large\" hide_on_mobile=\"\"][\/vc_column][\/vc_row][vc_row][vc_column width=\"1\/6\" icons_position=\"left\"][\/vc_column][vc_column width=\"2\/3\" icons_position=\"left\"][\/vc_column][vc_column width=\"1\/6\" icons_position=\"left\"][\/vc_column][\/vc_row]<\/div>[vc_empty_space alter_height=&#8221;huge&#8221; hide_on_mobile=&#8221;&#8221;][\/vc_column][\/vc_row][vc_row full_width=&#8221;stretch_row_content_no_spaces&#8221; equal_height=&#8221;yes&#8221; content_placement=&#8221;middle&#8221;][vc_column width=&#8221;1\/2&#8243; css=&#8221;.vc_custom_1498736630787{margin-right: 10px !important;}&#8221;]<div id=\"sc_googlemap_1511159176_wrap\" class=\"sc_googlemap_wrap\"><div id=\"sc_googlemap_1511159176\"\n\t\t\tclass=\"sc_googlemap sc_googlemap_default\"\n\t\t\t style=\"width:100%;height:557px;\"\t\t\tdata-zoom=\"13\"\n\t\t\tdata-style=\"default\"\n\t\t\tdata-cluster-icon=\"\"\n        ><iframe\n                    src=\"https:\/\/maps.google.com\/maps?t=m&output=embed&iwloc=near&z=13&q=Ya%C5%9Far+%C3%9Cniversitesi+Sel%C3%A7uk+Ya%C5%9Far+Kamp%C3%BCs%C3%BC%2C+A%C4%9Fa%C3%A7l%C4%B1+Yol%2C+No%3A37-39+Bornova+%2F+%C4%B0ZM%C4%B0R\"\n                    scrolling=\"no\"\n                    marginheight=\"0\"\n                    marginwidth=\"0\"\n                    frameborder=\"0\"\n                    aria-label=\"\"><\/iframe><\/div><\/div><!-- \/.sc_googlemap_wrap -->[\/vc_column][vc_column width=&#8221;1\/2&#8243; scheme=&#8221;dark&#8221; css=&#8221;.vc_custom_1498736791385{margin-left: 10px !important;background-image: url(https:\/\/vita-l.com\/wp-content\/uploads\/2017\/05\/bg-15.jpg?id=340) !important;background-position: center !important;background-repeat: no-repeat !important;background-size: cover !important;}&#8221;][vc_row_inner][vc_column_inner width=&#8221;1\/12&#8243;][\/vc_column_inner][vc_column_inner width=&#8221;5\/6&#8243;][vc_column_text css=&#8221;&#8221;]<\/p>\n<h6>Adres<\/h6>\n<p><span class=\"trx_addons_dark\">Minerva Kulu\u00e7ka Merkezi Ya\u015far \u00dcniversitesi Sel\u00e7uk Ya\u015far Kamp\u00fcs\u00fc, A\u011fa\u00e7l\u0131 Yol, No:37-39 Bornova \/ \u0130ZM\u0130R<\/span>[\/vc_column_text][vc_empty_space alter_height=&#8221;medium&#8221; hide_on_mobile=&#8221;&#8221;][vc_column_text css=&#8221;&#8221;]<\/p>\n<h6>E-posta<\/h6>\n<p>vitaactionlab@gmail.com[\/vc_column_text][\/vc_column_inner][\/vc_row_inner][\/vc_column][\/vc_row][vc_row][vc_column][vc_empty_space height=&#8221;20px&#8221; alter_height=&#8221;none&#8221; hide_on_mobile=&#8221;&#8221;][\/vc_column][\/vc_row]<\/p>\n<\/div>","protected":false},"excerpt":{"rendered":"<p>[vc_row][vc_column][vc_empty_space alter_height=&#8221;huge&#8221; hide_on_mobile=&#8221;&#8221;][vc_empty_space alter_height=&#8221;huge&#8221; hide_on_mobile=&#8221;&#8221;][\/vc_column][\/vc_row][vc_row full_width=&#8221;stretch_row_content_no_spaces&#8221; equal_height=&#8221;yes&#8221; content_placement=&#8221;middle&#8221;][vc_column width=&#8221;1\/2&#8243; css=&#8221;.vc_custom_1498736630787{margin-right: 10px !important;}&#8221;][\/vc_column][vc_column width=&#8221;1\/2&#8243; scheme=&#8221;dark&#8221; css=&#8221;.vc_custom_1498736791385{margin-left: 10px !important;background-image: url(https:\/\/vita-l.com\/wp-content\/uploads\/2017\/05\/bg-15.jpg?id=340) !important;background-position: center !important;background-repeat: no-repeat !important;background-size: cover !important;}&#8221;][vc_row_inner][vc_column_inner width=&#8221;1\/12&#8243;][\/vc_column_inner][vc_column_inner width=&#8221;5\/6&#8243;][vc_column_text css=&#8221;&#8221;] Adres Minerva Kulu\u00e7ka Merkezi Ya\u015far \u00dcniversitesi Sel\u00e7uk Ya\u015far Kamp\u00fcs\u00fc, A\u011fa\u00e7l\u0131 Yol, No:37-39 Bornova \/ \u0130ZM\u0130R[\/vc_column_text][vc_empty_space alter_height=&#8221;medium&#8221; hide_on_mobile=&#8221;&#8221;][vc_column_text css=&#8221;&#8221;] E-posta vitaactionlab@gmail.com[\/vc_column_text][\/vc_column_inner][\/vc_row_inner][\/vc_column][\/vc_row][vc_row][vc_column][vc_empty_space height=&#8221;20px&#8221; alter_height=&#8221;none&#8221; hide_on_mobile=&#8221;&#8221;][\/vc_column][\/vc_row]<\/p>\n","protected":false},"author":1,"featured_media":0,"parent":0,"menu_order":0,"comment_status":"closed","ping_status":"closed","template":"","meta":{"footnotes":""},"class_list":["post-90","page","type-page","status-publish","hentry"],"_links":{"self":[{"href":"https:\/\/vita-l.com\/tr\/index.php?rest_route=\/wp\/v2\/pages\/90","targetHints":{"allow":["GET"]}}],"collection":[{"href":"https:\/\/vita-l.com\/tr\/index.php?rest_route=\/wp\/v2\/pages"}],"about":[{"href":"https:\/\/vita-l.com\/tr\/index.php?rest_route=\/wp\/v2\/types\/page"}],"author":[{"embeddable":true,"href":"https:\/\/vita-l.com\/tr\/index.php?rest_route=\/wp\/v2\/users\/1"}],"replies":[{"embeddable":true,"href":"https:\/\/vita-l.com\/tr\/index.php?rest_route=%2Fwp%2Fv2%2Fcomments&post=90"}],"version-history":[{"count":4,"href":"https:\/\/vita-l.com\/tr\/index.php?rest_route=\/wp\/v2\/pages\/90\/revisions"}],"predecessor-version":[{"id":1093,"href":"https:\/\/vita-l.com\/tr\/index.php?rest_route=\/wp\/v2\/pages\/90\/revisions\/1093"}],"wp:attachment":[{"href":"https:\/\/vita-l.com\/tr\/index.php?rest_route=%2Fwp%2Fv2%2Fmedia&parent=90"}],"curies":[{"name":"wp","href":"https:\/\/api.w.org\/{rel}","templated":true}]}}