{"id":88,"date":"2017-05-05T14:08:59","date_gmt":"2017-05-05T14:08:59","guid":{"rendered":"https:\/\/vrlab.studio\/?page_id=88"},"modified":"2026-01-14T10:57:39","modified_gmt":"2026-01-14T10:57:39","slug":"hakkimizda","status":"publish","type":"page","link":"https:\/\/vita-l.com\/tr\/?page_id=88","title":{"rendered":"Hakk\u0131m\u0131zda"},"content":{"rendered":"<div class=\"wpb-content-wrapper\"><p>[vc_row full_width=&#8221;stretch_row&#8221; grey_bg=&#8221;1&#8243;][vc_column][vc_empty_space alter_height=&#8221;huge&#8221; hide_on_mobile=&#8221;&#8221;]<div class=\"promo-wrap\"><div  id=\"sc_promo_811827405\"\tclass=\"sc_promo color_style_default sc_promo_default sc_promo_size_normal sc_promo_no_image\"><div class=\"sc_promo_text\" style=\"width: 100%;\">\n\t\t\t<div class=\"sc_promo_text_inner sc_content_width_100%\" style=\"\"><h3 class=\"sc_item_title sc_promo_title sc_align_left sc_item_title_style_default\">Kurulu\u015f Hikayesi<\/h3><div class=\"sc_item_descr sc_promo_descr sc_align_left\"><p>VITA PolicyLab, politika yap\u0131m s\u00fcre\u00e7lerinin, e\u011fitim ve ileti\u015fim y\u00f6ntemlerinin h\u0131zla d\u00f6n\u00fc\u015fen dijital \u00e7a\u011fda yeni ara\u00e7lara ihtiya\u00e7 duydu\u011fu bir d\u00f6nemde kuruldu. Yapay zek\u00e2, immersive teknolojiler (VR\/AR\/XR), dijital ikizler ve veri temelli sim\u00fclasyonlar\u0131n yaln\u0131zca teknik de\u011fil, ayn\u0131 zamanda politik, toplumsal ve etik boyutlar\u0131 olan g\u00fc\u00e7l\u00fc ara\u00e7lar oldu\u011fu anlay\u0131\u015f\u0131yla yola \u00e7\u0131kt\u0131k.<br \/>\nAkademi, kamu, uluslararas\u0131 kurulu\u015flar ve yarat\u0131c\u0131 teknolojiler alanlar\u0131nda biriken disiplinleraras\u0131 deneyimlerimiz, bizi politika geli\u015ftirme, e\u011fitim ve kapasite art\u0131r\u0131m\u0131 alanlar\u0131nda yenilik\u00e7i, deneyim temelli ve \u00f6l\u00e7\u00fclebilir \u00e7\u00f6z\u00fcmler \u00fcretmeye y\u00f6neltti. VITA PolicyLab, bu birikimin bir Ar-Ge ve i\u00e7erik laboratuvar\u0131 \u00e7at\u0131s\u0131 alt\u0131nda birle\u015fmesiyle do\u011fdu.<br \/>\nAmac\u0131m\u0131z; soyut politika tart\u0131\u015fmalar\u0131n\u0131, ger\u00e7ek hayata yak\u0131n senaryolar, sim\u00fclasyonlar ve etkile\u015fimli \u00f6\u011frenme ortamlar\u0131yla somutla\u015ft\u0131rmak ve karar vericilerden gen\u00e7lere kadar geni\u015f bir kitle i\u00e7in daha anla\u015f\u0131l\u0131r, kapsay\u0131c\u0131 ve etkili hale getirmektir.<\/p>\n<\/div><div class=\"sc_promo_content sc_item_content\">[vc_empty_space hide_on_mobile=&#8221;&#8221;][vc_empty_space alter_height=&#8221;huge&#8221; hide_on_mobile=&#8221;&#8221; css=&#8221;.vc_custom_1498822286793{margin-top: -0.9rem !important;}&#8221;][vc_btn title=&#8221;Ekip&#8221; css=&#8221;&#8221; link=&#8221;url:https%3A%2F%2Fvita-l.com%2Ftr%2F%3Fpage_id%3D86|title:Vita%20Lab%20Ekibi&#8221;][vc_tta_pageable][vc_tta_section title=&#8221;Ekip&#8221; tab_id=&#8221;86&#8243;][\/vc_tta_section][vc_tta_section title=&#8221;Section 2&#8243; tab_id=&#8221;1768388057327-9438dbe3-f747&#8243;][vc_basic_grid post_type=&#8221;page&#8221; max_items=&#8221;5&#8243; css=&#8221;&#8221; grid_id=&#8221;vc_gid:1768388172816-8f209eb4-4b63-4&#8243; el_id=&#8221;86&#8243;][\/vc_tta_section][\/vc_tta_pageable]<\/div><\/div>\n\t\t<\/div><!-- \/.sc_promo_text --><\/div><div class=\"promo-shadow\"><\/div><\/div><!-- \/.sc_promo -->[vc_empty_space alter_height=&#8221;huge&#8221; hide_on_mobile=&#8221;&#8221;][\/vc_column][\/vc_row]<\/p>\n<\/div>","protected":false},"excerpt":{"rendered":"<p>[vc_row full_width=&#8221;stretch_row&#8221; grey_bg=&#8221;1&#8243;][vc_column][vc_empty_space alter_height=&#8221;huge&#8221; hide_on_mobile=&#8221;&#8221;][vc_empty_space alter_height=&#8221;huge&#8221; hide_on_mobile=&#8221;&#8221;][\/vc_column][\/vc_row]<\/p>\n","protected":false},"author":1,"featured_media":0,"parent":0,"menu_order":0,"comment_status":"closed","ping_status":"closed","template":"","meta":{"footnotes":""},"class_list":["post-88","page","type-page","status-publish","hentry"],"_links":{"self":[{"href":"https:\/\/vita-l.com\/tr\/index.php?rest_route=\/wp\/v2\/pages\/88","targetHints":{"allow":["GET"]}}],"collection":[{"href":"https:\/\/vita-l.com\/tr\/index.php?rest_route=\/wp\/v2\/pages"}],"about":[{"href":"https:\/\/vita-l.com\/tr\/index.php?rest_route=\/wp\/v2\/types\/page"}],"author":[{"embeddable":true,"href":"https:\/\/vita-l.com\/tr\/index.php?rest_route=\/wp\/v2\/users\/1"}],"replies":[{"embeddable":true,"href":"https:\/\/vita-l.com\/tr\/index.php?rest_route=%2Fwp%2Fv2%2Fcomments&post=88"}],"version-history":[{"count":6,"href":"https:\/\/vita-l.com\/tr\/index.php?rest_route=\/wp\/v2\/pages\/88\/revisions"}],"predecessor-version":[{"id":1208,"href":"https:\/\/vita-l.com\/tr\/index.php?rest_route=\/wp\/v2\/pages\/88\/revisions\/1208"}],"wp:attachment":[{"href":"https:\/\/vita-l.com\/tr\/index.php?rest_route=%2Fwp%2Fv2%2Fmedia&parent=88"}],"curies":[{"name":"wp","href":"https:\/\/api.w.org\/{rel}","templated":true}]}}