{"id":86,"date":"2017-05-05T14:08:48","date_gmt":"2017-05-05T14:08:48","guid":{"rendered":"https:\/\/vrlab.studio\/?page_id=86"},"modified":"2026-01-14T11:02:06","modified_gmt":"2026-01-14T11:02:06","slug":"about-style-1","status":"publish","type":"page","link":"https:\/\/vita-l.com\/tr\/?page_id=86","title":{"rendered":"Ekip"},"content":{"rendered":"<div class=\"wpb-content-wrapper\"><p>[vc_row full_width=&#8221;stretch_row&#8221; equal_height=&#8221;yes&#8221; grey_bg=&#8221;1&#8243;][vc_column][vc_empty_space hide_on_mobile=&#8221;&#8221;][vc_empty_space height=&#8221;20px&#8221; alter_height=&#8221;huge&#8221; hide_on_mobile=&#8221;&#8221;]<div class=\"promo-wrap\"><div  id=\"sc_promo_1128233930\"\tclass=\"sc_promo color_style_default sc_promo_default sc_promo_size_normal sc_promo_image_fit sc_promo_image_position_left\"><div class=\"sc_promo_image\" style=\"background-image:url(https:\/\/vita-l.com\/tr\/wp-content\/uploads\/2025\/09\/Ekran-Resmi-2025-09-23-14.35.02.png);width:45%;left: 0;\"><\/div><div class=\"sc_promo_text\" style=\"width: 55%;float: right;\">\n\t\t\t<div class=\"sc_promo_text_inner sc_content_width_55%\" style=\"\"><h6 class=\"sc_item_subtitle sc_promo_subtitle sc_align_left sc_item_title_style_default\">Kurucu<\/h6><h3 class=\"sc_item_title sc_promo_title sc_align_left sc_item_title_style_default\">Prof. Dr. Mehmet G\u00f6kay \u00d6zerim<\/h3><div class=\"sc_item_descr sc_promo_descr sc_align_left\"><p>Kamu politikalar\u0131, uluslararas\u0131 ili\u015fkiler ve gen\u00e7lik \u00e7al\u0131\u015fmalar\u0131 alan\u0131nda uzman akademisyen. Ulusal ve uluslararas\u0131 projelerde ara\u015ft\u0131rmac\u0131, e\u011fitmen ve dan\u0131\u015fman olarak g\u00f6rev ald\u0131.<br \/>\nAra\u015ft\u0131rma ve politika geli\u015ftirme deneyimini, e\u011fitim i\u00e7erikleri ve stratejik vizyonla birle\u015ftirerek projelere y\u00f6n veriyor.<\/p>\n<\/div><div class=\"sc_promo_content sc_item_content\">[vc_empty_space height=&#8221;1.4rem&#8221; alter_height=&#8221;none&#8221; hide_on_mobile=&#8221;&#8221;][vc_column_text css=&#8221;&#8221;]<\/p>\n<p class=\"p1\"><b>Kurucu Ortak \u2013 Politika ve E\u011fitim \u0130\u00e7erikleri<\/b><\/p>\n<p>[\/vc_column_text][vc_empty_space alter_height=&#8221;huge&#8221; hide_on_mobile=&#8221;&#8221; css=&#8221;.vc_custom_1498807159620{margin-top: -0.6rem !important;}&#8221;]<\/div><\/div>\n\t\t<\/div><!-- \/.sc_promo_text --><\/div><div class=\"promo-shadow\"><\/div><\/div><!-- \/.sc_promo -->[vc_empty_space height=&#8221;20px&#8221; alter_height=&#8221;huge&#8221; hide_on_mobile=&#8221;&#8221;]<div class=\"promo-wrap\"><div  id=\"sc_promo_1198872978\"\tclass=\"sc_promo color_style_default sc_promo_default sc_promo_size_normal sc_promo_image_fit sc_promo_image_position_left\"><div class=\"sc_promo_image\" style=\"background-image:url(https:\/\/vita-l.com\/tr\/wp-content\/uploads\/2025\/09\/Cenk_Sonmez.jpg);width:45%;left: 0;\"><\/div><div class=\"sc_promo_text\" style=\"width: 55%;float: right;\">\n\t\t\t<div class=\"sc_promo_text_inner sc_content_width_55%\" style=\"\"><h6 class=\"sc_item_subtitle sc_promo_subtitle sc_align_left sc_item_title_style_default\">Kurucu<\/h6><h3 class=\"sc_item_title sc_promo_title sc_align_left sc_item_title_style_default\">Cenk S\u00f6nmez<\/h3><div class=\"sc_item_descr sc_promo_descr sc_align_left\"><p>VR\/AR\/XR geli\u015ftirme, dijital ikiz ve volumetrik video \u00fcretimi \u00fczerine \u00e7al\u0131\u015fan yarat\u0131c\u0131 medya uzman\u0131. G\u00f6rsel-i\u015fitsel prod\u00fcksiyon ve immersive i\u00e7erik tasar\u0131m\u0131nda deneyim sahibi.<br \/>\n\u0130leti\u015fim stratejileri ve teknoloji entegrasyonu konular\u0131ndaki uzmanl\u0131\u011f\u0131yla projelere hem teknik hem de yarat\u0131c\u0131 katk\u0131 sa\u011fl\u0131yor.<\/p>\n<\/div><div class=\"sc_promo_content sc_item_content\">[vc_empty_space height=&#8221;1.4rem&#8221; alter_height=&#8221;none&#8221; hide_on_mobile=&#8221;&#8221;][vc_column_text css=&#8221;&#8221;]<\/p>\n<p class=\"p1\"><b>Kurucu Ortak \u2013 Teknoloji ve \u0130leti\u015fim<\/b><\/p>\n<p>[\/vc_column_text][vc_empty_space alter_height=&#8221;huge&#8221; hide_on_mobile=&#8221;&#8221; css=&#8221;.vc_custom_1498807159620{margin-top: -0.6rem !important;}&#8221;]<\/div><\/div>\n\t\t<\/div><!-- \/.sc_promo_text --><\/div><div class=\"promo-shadow\"><\/div><\/div><!-- \/.sc_promo -->[vc_empty_space alter_height=&#8221;huge&#8221; hide_on_mobile=&#8221;&#8221; el_class=&#8221;Proje Ekibi&#8221;]<div id=\"sc_title_922058076\"\n\t\tclass=\"sc_title color_style_default sc_title_default\"><h6 class=\"sc_item_subtitle sc_title_subtitle sc_align_left sc_item_title_style_default\">Birlikte Geli\u015ftiriyoruz<\/h6><h3 class=\"sc_item_title sc_title_title sc_align_left sc_item_title_style_default sc_item_title_tag\">Proje Ekibimiz<\/h3><\/div><!-- \/.sc_title --><div class=\"promo-wrap\"><div  id=\"sc_promo_1954593993\"\tclass=\"sc_promo color_style_default sc_promo_default sc_promo_size_small sc_promo_image_fit sc_promo_image_position_left\"><div class=\"sc_promo_image\" style=\"background-image:url(https:\/\/vita-l.com\/tr\/wp-content\/uploads\/2025\/12\/WhatsApp-Image-2025-12-04-at-00.10.16.jpeg);width:45%;left: 0;\"><\/div><div class=\"sc_promo_text\" style=\"width: 55%;float: right;\">\n\t\t\t<div class=\"sc_promo_text_inner sc_content_width_55%\" style=\"\"><h6 class=\"sc_item_subtitle sc_promo_subtitle sc_align_left sc_item_title_style_default\">Kreatif Teknoloji Uzman\u0131<\/h6><h3 class=\"sc_item_title sc_promo_title sc_align_left sc_item_title_style_default\">Burak K\u0131z\u0131lobek<\/h3><div class=\"sc_item_descr sc_promo_descr sc_align_left\"><p>Performans marketing odakl\u0131 video prod\u00fcksiyon ve dijital pazarlama deneyimini, yaz\u0131l\u0131m geli\u015ftirme yetkinli\u011fiyle birle\u015ftiren kreatif teknoloji uzman\u0131. G\u00f6rsel i\u00e7erik \u00fcretiminde Python ve JavaScript tabanl\u0131 otomasyonlar, \u00f6zel Adobe script\u2019leri ve yapay zeka destekli \"vibe coding\" pratikleri geli\u015ftiriyor. Veriye dayal\u0131 tasar\u0131m anlay\u0131\u015f\u0131n\u0131 m\u00fchendislik bak\u0131\u015f a\u00e7\u0131s\u0131yla harmanlayarak, projelere \u00f6l\u00e7eklenebilir \u00fcretim modelleri ve teknik verimlilik kazand\u0131r\u0131yor.<\/p>\n<\/div><div class=\"sc_promo_content sc_item_content\">[vc_empty_space height=&#8221;1.4rem&#8221; alter_height=&#8221;none&#8221; hide_on_mobile=&#8221;&#8221;][vc_column_text css=&#8221;&#8221;][\/vc_column_text][vc_empty_space alter_height=&#8221;huge&#8221; hide_on_mobile=&#8221;&#8221; css=&#8221;.vc_custom_1498807159620{margin-top: -0.6rem !important;}&#8221;]<\/div><\/div>\n\t\t<\/div><!-- \/.sc_promo_text --><\/div><div class=\"promo-shadow\"><\/div><\/div><!-- \/.sc_promo -->[vc_empty_space alter_height=&#8221;huge&#8221; hide_on_mobile=&#8221;&#8221;][\/vc_column][\/vc_row][vc_row full_width=&#8221;stretch_row&#8221; css=&#8221;.vc_custom_1498809551004{background-color: #f3f3f3 !important;}&#8221;][vc_column]<div id=\"sc_title_1109118088\"\n\t\tclass=\"sc_title color_style_default sc_title_default\"><h6 class=\"sc_item_subtitle sc_title_subtitle sc_align_left sc_item_title_style_default\">Birlikte Geli\u015ftiriyoruz<\/h6><h3 class=\"sc_item_title sc_title_title sc_align_left sc_item_title_style_default sc_item_title_tag\">\u00c7\u00f6z\u00fcm Ortaklar\u0131m\u0131z<\/h3><\/div><!-- \/.sc_title --><div id=\"widget_slider_2133774102\" class=\"widget_area sc_widget_slider vc_widget_slider wpb_content_element\"><aside id=\"widget_slider_2133774102_widget\" class=\"widget widget_slider\">\t\t\t<div class=\"slider_wrap slider_engine_swiper\">\n\t\t\t\t<div id=\"widget_slider_2133774102_outer\" class=\"slider_swiper_outer slider_style_default slider_outer_direction_horizontal slider_outer_nocontrols slider_outer_nopagination slider_outer_titles_center slider_outer_multi\"><div id=\"widget_slider_2133774102_swiper\" class=\"slider_swiper swiper-slider-container slider_direction_horizontal slider_nocontrols slider_nopagination slider_titles_center slider_multi slider_resize slider_height_auto slider_type_images\" data-ratio=\"1:1\" data-interval=\"7000\" data-effect=\"slide\" data-pagination=\"bullets\" data-direction=\"horizontal\" data-slides-per-view=\"6\" data-slides-space=\"40\">\n\t\t\t\t\t\t<div class=\"swiper-wrapper\"><div  class=\"swiper-slide\" data-image=\"https:\/\/vita-l.com\/tr\/wp-content\/uploads\/2025\/09\/de46652dd99c67d4f8d17607e3bf0dce.jpg\" style=\"\"><img decoding=\"async\" src=\"https:\/\/vita-l.com\/tr\/wp-content\/uploads\/2025\/09\/de46652dd99c67d4f8d17607e3bf0dce.jpg\" alt=\"\"><\/div><div  class=\"swiper-slide\" data-image=\"https:\/\/vita-l.com\/tr\/wp-content\/uploads\/2025\/09\/unreal-engine-logo-png_seeklogo-350198.png\" style=\"\"><img decoding=\"async\" src=\"https:\/\/vita-l.com\/tr\/wp-content\/uploads\/2025\/09\/unreal-engine-logo-png_seeklogo-350198.png\" alt=\"\"><\/div><div  class=\"swiper-slide\" data-image=\"https:\/\/vita-l.com\/tr\/wp-content\/uploads\/2025\/09\/meta_PNG12-scaled.webp\" style=\"\"><img decoding=\"async\" src=\"https:\/\/vita-l.com\/tr\/wp-content\/uploads\/2025\/09\/meta_PNG12-scaled.webp\" alt=\"\"><\/div><div  class=\"swiper-slide\" data-image=\"https:\/\/vita-l.com\/tr\/wp-content\/uploads\/2025\/09\/apple-vision-pro-20242387.logowik.com_.webp\" style=\"\"><img decoding=\"async\" src=\"https:\/\/vita-l.com\/tr\/wp-content\/uploads\/2025\/09\/apple-vision-pro-20242387.logowik.com_.webp\" alt=\"\"><\/div><div  class=\"swiper-slide\" data-image=\"https:\/\/vita-l.com\/tr\/wp-content\/uploads\/2025\/09\/blender-logo-png_seeklogo-20236.png\" style=\"\"><img decoding=\"async\" src=\"https:\/\/vita-l.com\/tr\/wp-content\/uploads\/2025\/09\/blender-logo-png_seeklogo-20236.png\" alt=\"\"><\/div><div  class=\"swiper-slide\" data-image=\"https:\/\/vita-l.com\/tr\/wp-content\/uploads\/2025\/09\/89896687-9639-4b6c-a904-b2013047e042_medium.jpg\" style=\"\"><img decoding=\"async\" src=\"https:\/\/vita-l.com\/tr\/wp-content\/uploads\/2025\/09\/89896687-9639-4b6c-a904-b2013047e042_medium.jpg\" alt=\"\"><\/div><div  class=\"swiper-slide\" data-image=\"https:\/\/vita-l.com\/tr\/wp-content\/uploads\/2025\/12\/playcanvas.png\" style=\"\"><img decoding=\"async\" src=\"https:\/\/vita-l.com\/tr\/wp-content\/uploads\/2025\/12\/playcanvas.png\" alt=\"\"><\/div><\/div><!-- \/.swiper-wripper --><\/div><!-- \/.slider_swiper --><\/div><!-- \/.slider_swiper_outer -->\t\t\t<\/div>\n\t\t\t<\/aside><\/div>[vc_empty_space alter_height=&#8221;large&#8221; hide_on_mobile=&#8221;&#8221; css=&#8221;.vc_custom_1498812783093{margin-top: 2.9rem !important;}&#8221;][\/vc_column][\/vc_row]<\/p>\n<\/div>","protected":false},"excerpt":{"rendered":"<p>[vc_row full_width=&#8221;stretch_row&#8221; equal_height=&#8221;yes&#8221; grey_bg=&#8221;1&#8243;][vc_column][vc_empty_space hide_on_mobile=&#8221;&#8221;][vc_empty_space height=&#8221;20px&#8221; alter_height=&#8221;huge&#8221; hide_on_mobile=&#8221;&#8221;][vc_empty_space height=&#8221;20px&#8221; alter_height=&#8221;huge&#8221; hide_on_mobile=&#8221;&#8221;][vc_empty_space alter_height=&#8221;huge&#8221; hide_on_mobile=&#8221;&#8221; el_class=&#8221;Proje Ekibi&#8221;][vc_empty_space alter_height=&#8221;huge&#8221; hide_on_mobile=&#8221;&#8221;][\/vc_column][\/vc_row][vc_row full_width=&#8221;stretch_row&#8221; css=&#8221;.vc_custom_1498809551004{background-color: #f3f3f3 !important;}&#8221;][vc_column][vc_empty_space alter_height=&#8221;large&#8221; hide_on_mobile=&#8221;&#8221; css=&#8221;.vc_custom_1498812783093{margin-top: 2.9rem !important;}&#8221;][\/vc_column][\/vc_row]<\/p>\n","protected":false},"author":1,"featured_media":0,"parent":0,"menu_order":0,"comment_status":"closed","ping_status":"closed","template":"","meta":{"footnotes":""},"class_list":["post-86","page","type-page","status-publish","hentry"],"_links":{"self":[{"href":"https:\/\/vita-l.com\/tr\/index.php?rest_route=\/wp\/v2\/pages\/86","targetHints":{"allow":["GET"]}}],"collection":[{"href":"https:\/\/vita-l.com\/tr\/index.php?rest_route=\/wp\/v2\/pages"}],"about":[{"href":"https:\/\/vita-l.com\/tr\/index.php?rest_route=\/wp\/v2\/types\/page"}],"author":[{"embeddable":true,"href":"https:\/\/vita-l.com\/tr\/index.php?rest_route=\/wp\/v2\/users\/1"}],"replies":[{"embeddable":true,"href":"https:\/\/vita-l.com\/tr\/index.php?rest_route=%2Fwp%2Fv2%2Fcomments&post=86"}],"version-history":[{"count":15,"href":"https:\/\/vita-l.com\/tr\/index.php?rest_route=\/wp\/v2\/pages\/86\/revisions"}],"predecessor-version":[{"id":1211,"href":"https:\/\/vita-l.com\/tr\/index.php?rest_route=\/wp\/v2\/pages\/86\/revisions\/1211"}],"wp:attachment":[{"href":"https:\/\/vita-l.com\/tr\/index.php?rest_route=%2Fwp%2Fv2%2Fmedia&parent=86"}],"curies":[{"name":"wp","href":"https:\/\/api.w.org\/{rel}","templated":true}]}}