{"id":84,"date":"2017-05-05T14:07:59","date_gmt":"2017-05-05T14:07:59","guid":{"rendered":"https:\/\/vrlab.studio\/?page_id=84"},"modified":"2025-12-09T10:01:01","modified_gmt":"2025-12-09T10:01:01","slug":"home-1","status":"publish","type":"page","link":"https:\/\/vita-l.com\/tr\/","title":{"rendered":"Ana Sayfa"},"content":{"rendered":"<div class=\"wpb-content-wrapper\"><p>[vc_row full_width=&#8221;stretch_row&#8221; grey_bg=&#8221;&#8221;][vc_column][rev_slider_vc alias=&#8221;slider-1&#8243;][\/vc_column][\/vc_row][vc_row full_width=&#8221;stretch_row&#8221; grey_bg=&#8221;1&#8243;][vc_column][vc_empty_space alter_height=&#8221;huge&#8221; hide_on_mobile=&#8221;&#8221; css=&#8221;.vc_custom_1499091865828{margin-top: 0.3rem !important;}&#8221;]<div class=\"promo-wrap\"><div  id=\"sc_promo_1439237345\"\tclass=\"sc_promo color_style_default sc_promo_default sc_promo_size_normal sc_promo_image_position_left\"><div class=\"sc_promo_image\" style=\"background-image:url(https:\/\/vita-l.com\/tr\/wp-content\/uploads\/2025\/09\/multiracial-group-of-happy-business-seminar-attend-2024-12-13-18-19-33-utc-scaled.jpg);width:49%;left: 0;\"><\/div><div class=\"sc_promo_text\" style=\"width: 51%;float: right;\">\n\t\t\t<div class=\"sc_promo_text_inner sc_content_width_51%\" style=\"\"><h6 class=\"sc_item_subtitle sc_promo_subtitle sc_align_left sc_item_title_style_default\">GELECEK \u0130\u00c7\u0130N<\/h6><h3 class=\"sc_item_title sc_promo_title sc_align_left sc_item_title_style_default\">Politikay\u0131 \u015eekillendiren Teknolojiler.<\/h3><div class=\"sc_item_descr sc_promo_descr sc_align_left\"><p>VITA Lab, immersive teknolojiler ve yapay zek\u00e2 destekli sim\u00fclasyonlarla politika yap\u0131m s\u00fcre\u00e7lerini yeniden d\u00fc\u015f\u00fcnmeyi sa\u011flar. Diplomasi, kriz y\u00f6netimi, etik ve toplumsal kat\u0131l\u0131m gibi alanlarda geli\u015ftirdi\u011fimiz senaryolar, kurumlara hem stratejik vizyon hem de pratik deneyim kazand\u0131r\u0131r.<\/p>\n<\/div><div class=\"sc_promo_content sc_item_content\">[vc_empty_space alter_height=&#8221;huge&#8221; hide_on_mobile=&#8221;&#8221; css=&#8221;.vc_custom_1499081130058{margin-bottom: -0.7rem !important;}&#8221;]<\/div><\/div>\n\t\t<\/div><!-- \/.sc_promo_text --><\/div><div class=\"promo-shadow\"><\/div><\/div><!-- \/.sc_promo -->[vc_empty_space alter_height=&#8221;huge&#8221; hide_on_mobile=&#8221;&#8221;][\/vc_column][\/vc_row][vc_row full_width=&#8221;stretch_row&#8221; grey_bg=&#8221;&#8221; css=&#8221;.vc_custom_1759088558675{background: #f3f3f3 url(https:\/\/vita-l.com\/wp-content\/uploads\/2025\/09\/Web-foto1-1.png?id=1172) !important;background-position: center !important;background-repeat: no-repeat !important;background-size: cover !important;border-color: #f7f7f7 !important;}&#8221; el_class=&#8221;sc_layouts_571&#8243;][vc_column width=&#8221;5\/12&#8243;]<div id=\"sc_services_420867431\" class=\"sc_services color_style_default sc_services_light sc_services_featured_left\"><h6 class=\"sc_item_subtitle sc_services_subtitle sc_align_left sc_item_title_style_default\">POL\u0130T\u0130KA \u0130\u00c7\u0130N<\/h6><h3 class=\"sc_item_title sc_services_title sc_align_left sc_item_title_style_default\">IMMERSIVE TEKNOLOJ\u0130LER<\/h3><div class=\"sc_item_descr sc_services_descr sc_align_left\"><p>Ger\u00e7ek\u00e7i sim\u00fclasyonlarla politikay\u0131 deneyimleyin; immersive teknolojiler sayesinde diplomasi, kriz y\u00f6netimi ve karar alma s\u00fcre\u00e7lerini g\u00fcvenli ve \u00f6l\u00e7\u00fclebilir bir ortamda ya\u015fayabilirsiniz.<\/p>\n<\/div><div class=\"sc_services_content sc_item_content sc_item_columns_1\"><div class=\"sc_services_item with_content with_image sc_services_item_featured_left\">\n\t<div class=\"post_featured with_thumb hover_dots sc_services_item_thumb\"><img fetchpriority=\"high\" decoding=\"async\" width=\"500\" height=\"500\" src=\"https:\/\/vita-l.com\/tr\/wp-content\/uploads\/2025\/05\/Icon-Diversity.png\" class=\"attachment-weedles-thumb-big size-weedles-thumb-big wp-post-image\" alt=\"Uluslararas\u0131 \u00d6l\u00e7ek\" srcset=\"https:\/\/vita-l.com\/tr\/wp-content\/uploads\/2025\/05\/Icon-Diversity.png 500w, https:\/\/vita-l.com\/tr\/wp-content\/uploads\/2025\/05\/Icon-Diversity-300x300.png 300w, https:\/\/vita-l.com\/tr\/wp-content\/uploads\/2025\/05\/Icon-Diversity-150x150.png 150w, https:\/\/vita-l.com\/tr\/wp-content\/uploads\/2025\/05\/Icon-Diversity-370x370.png 370w, https:\/\/vita-l.com\/tr\/wp-content\/uploads\/2025\/05\/Icon-Diversity-90x90.png 90w\" sizes=\"(max-width: 500px) 100vw, 500px\" \/><div class=\"mask\"><\/div><a href=\"https:\/\/vita-l.com\/tr\/?cpt_services=uluslararasi-olcek\" aria-hidden=\"true\" class=\"icons\"><span><\/span><span><\/span><span><\/span><\/a><\/div>\t\n\t<div class=\"sc_services_item_info\">\n\t\t<div class=\"sc_services_item_header\">\n\t\t\t\t\t\t<h6 class=\"sc_services_item_title\"><a href=\"https:\/\/vita-l.com\/tr\/?cpt_services=uluslararasi-olcek\">Uluslararas\u0131 \u00d6l\u00e7ek<\/a><\/h6>\n\t\t\t<div class=\"sc_services_item_subtitle\"><a href=\"https:\/\/vita-l.com\/tr\/?cpt_services_group=fark-yaratan-cozumler\" title=\"View all posts in Fark Yaratan \u00c7\u00f6z\u00fcmler\">Fark Yaratan \u00c7\u00f6z\u00fcmler<\/a><a href=\"https:\/\/vita-l.com\/tr\/?cpt_services_group=uluslararasi-olcek\" title=\"View all posts in Uluslararas\u0131 \u00d6l\u00e7ek\">, Uluslararas\u0131 \u00d6l\u00e7ek<\/a><\/div>\t\t<\/div>\n\t\t\t\t\t<div class=\"sc_services_item_content\"><p>AB ve BM kurumlar\u0131yla uyumlu, fon destekli ve k\u00fcresel pazara a\u00e7\u0131k \u00e7\u00f6z\u00fcmler.<\/p>\n<\/div>\n\t\t\t<div class=\"sc_services_item_button sc_item_button\"><a href=\"https:\/\/vita-l.com\/tr\/?cpt_services=uluslararasi-olcek\" class=\"sc_button sc_button_simple\">Learn more<\/a><\/div>\n\t\t\t<\/div>\n<\/div>\n<div class=\"sc_services_item with_content with_image sc_services_item_featured_left\">\n\t<div class=\"post_featured with_thumb hover_dots sc_services_item_thumb\"><img decoding=\"async\" width=\"500\" height=\"500\" src=\"https:\/\/vita-l.com\/tr\/wp-content\/uploads\/2025\/05\/Icon-Immersive-Real-World-Simulations.png\" class=\"attachment-weedles-thumb-big size-weedles-thumb-big wp-post-image\" alt=\"Politikay\u0131 Deneyimleyin\" srcset=\"https:\/\/vita-l.com\/tr\/wp-content\/uploads\/2025\/05\/Icon-Immersive-Real-World-Simulations.png 500w, https:\/\/vita-l.com\/tr\/wp-content\/uploads\/2025\/05\/Icon-Immersive-Real-World-Simulations-300x300.png 300w, https:\/\/vita-l.com\/tr\/wp-content\/uploads\/2025\/05\/Icon-Immersive-Real-World-Simulations-150x150.png 150w, https:\/\/vita-l.com\/tr\/wp-content\/uploads\/2025\/05\/Icon-Immersive-Real-World-Simulations-370x370.png 370w, https:\/\/vita-l.com\/tr\/wp-content\/uploads\/2025\/05\/Icon-Immersive-Real-World-Simulations-90x90.png 90w\" sizes=\"(max-width: 500px) 100vw, 500px\" \/><div class=\"mask\"><\/div><a href=\"https:\/\/vita-l.com\/tr\/?cpt_services=politikayi-deneyimleyin\" aria-hidden=\"true\" class=\"icons\"><span><\/span><span><\/span><span><\/span><\/a><\/div>\t\n\t<div class=\"sc_services_item_info\">\n\t\t<div class=\"sc_services_item_header\">\n\t\t\t\t\t\t<h6 class=\"sc_services_item_title\"><a href=\"https:\/\/vita-l.com\/tr\/?cpt_services=politikayi-deneyimleyin\">Politikay\u0131 Deneyimleyin<\/a><\/h6>\n\t\t\t<div class=\"sc_services_item_subtitle\"><a href=\"https:\/\/vita-l.com\/tr\/?cpt_services_group=uluslararasi-olcek\" title=\"View all posts in Uluslararas\u0131 \u00d6l\u00e7ek\">Uluslararas\u0131 \u00d6l\u00e7ek<\/a><\/div>\t\t<\/div>\n\t\t\t\t\t<div class=\"sc_services_item_content\"><p>Immersive teknolojiler (VR, AR, XR, dijital ikiz, volumetrik video) ile \u00fc\u00e7 boyutlu, ger\u00e7ek\u00e7i senaryolar g\u00f6zlerinizin \u00f6n\u00fcnde canlan\u0131r.<\/p>\n<\/div>\n\t\t\t<div class=\"sc_services_item_button sc_item_button\"><a href=\"https:\/\/vita-l.com\/tr\/?cpt_services=politikayi-deneyimleyin\" class=\"sc_button sc_button_simple\">Learn more<\/a><\/div>\n\t\t\t<\/div>\n<\/div>\n<\/div><div class=\"sc_item_button sc_item_button_default sc_services_button sc_align_left sc_button_wrap sc_align_left\"><a href=\"https:\/\/vita-l.com\/?page_id=233\" id=\"sc_button_417337577\" class=\"sc_button color_style_default sc_button_default sc_button_size_normal sc_button_icon_left\"><span class=\"sc_button_text\"><span class=\"sc_button_title\">Ke\u015ffet<\/span><\/span><!-- \/.sc_button_text --><\/a><!-- \/.sc_button --><\/div><!-- \/.sc_item_button sc_item_button_default sc_services_button sc_align_left --><\/div><!-- \/.sc_services -->[vc_empty_space alter_height=&#8221;huge&#8221; hide_on_mobile=&#8221;&#8221;][\/vc_column][\/vc_row][vc_row][vc_column][vc_empty_space alter_height=&#8221;huge&#8221; hide_on_mobile=&#8221;&#8221; css=&#8221;.vc_custom_1499083547327{margin-top: 0.5rem !important;}&#8221;][vc_empty_space alter_height=&#8221;huge&#8221; hide_on_mobile=&#8221;&#8221;][\/vc_column][\/vc_row][vc_row][vc_column][vc_column_text][\/vc_column_text][\/vc_column][\/vc_row][vc_row][vc_column scheme=&#8221;default&#8221;]<div id=\"sc_services_300769586\" class=\"sc_services color_style_default scheme_default sc_services_light sc_services_featured_top\"><h6 class=\"sc_item_subtitle sc_services_subtitle sc_align_center sc_item_title_style_default\">Neler Sunuyoruz?<\/h6><h3 class=\"sc_item_title sc_services_title sc_align_center sc_item_title_style_default\">Politikada Yeni Bir Deneyim<\/h3><div class=\"sc_item_descr sc_services_descr sc_align_center\"><p>Diplomasi, kriz y\u00f6netimi, etik ve toplumsal kat\u0131l\u0131m senaryolar\u0131nda immersive deneyimler.Dijital ikizler, volumetrik video ve 3D ortam tasar\u0131mlar\u0131yla \u00f6l\u00e7\u00fclebilir etkile\u015fim.VR g\u00f6zl\u00fcklerin yan\u0131 s\u0131ra web, masa\u00fcst\u00fc ve mobil eri\u015fim se\u00e7enekleri. AI destekli geri bildirim, ileti\u015fim analizi ve karar sim\u00fclasyonu. AB ve BM kurumlar\u0131yla uyumlu, fon destekli ve k\u00fcresel pazara a\u00e7\u0131k \u00e7\u00f6z\u00fcmler.<\/p>\n<\/div><div class=\"sc_services_columns sc_item_columns sc_item_columns_5 trx_addons_columns_wrap columns_padding_bottom\"><div class=\"trx_addons_column-1_5\"><div class=\"sc_services_item without_content with_image sc_services_item_featured_top\">\n\t<div class=\"post_featured with_thumb hover_dots sc_services_item_thumb\"><img decoding=\"async\" width=\"500\" height=\"474\" src=\"https:\/\/vita-l.com\/tr\/wp-content\/uploads\/2025\/05\/Icon-Immersive-Real-World-Simulations-500x474.png\" class=\"attachment-weedles-thumb-med size-weedles-thumb-med wp-post-image\" alt=\"Politika Sim\u00fclasyonlar\u0131\" \/><div class=\"mask\"><\/div><a href=\"https:\/\/vita-l.com\/tr\/?cpt_services=politika-simulasyonlari\" aria-hidden=\"true\" class=\"icons\"><span><\/span><span><\/span><span><\/span><\/a><\/div>\t\n\t<div class=\"sc_services_item_info\">\n\t\t<div class=\"sc_services_item_header\">\n\t\t\t\t\t\t<h6 class=\"sc_services_item_title\"><a href=\"https:\/\/vita-l.com\/tr\/?cpt_services=politika-simulasyonlari\">Politika Sim\u00fclasyonlar\u0131<\/a><\/h6>\n\t\t\t<div class=\"sc_services_item_subtitle\"><a href=\"https:\/\/vita-l.com\/tr\/?cpt_services_group=fark-yaratan-cozumler\" title=\"View all posts in Fark Yaratan \u00c7\u00f6z\u00fcmler\">Fark Yaratan \u00c7\u00f6z\u00fcmler<\/a><a href=\"https:\/\/vita-l.com\/tr\/?cpt_services_group=politika-simulasyonlari\" title=\"View all posts in Politika Sim\u00fclasyonlar\u0131\">, Politika Sim\u00fclasyonlar\u0131<\/a><\/div>\t\t<\/div>\n\t\t\t<\/div>\n<\/div>\n<\/div><div class=\"trx_addons_column-1_5\"><div class=\"sc_services_item without_content with_image sc_services_item_featured_top\">\n\t<div class=\"post_featured with_thumb hover_dots sc_services_item_thumb\"><img loading=\"lazy\" decoding=\"async\" width=\"500\" height=\"474\" src=\"https:\/\/vita-l.com\/tr\/wp-content\/uploads\/2025\/05\/Icon-Highly-Realistic-Environments-500x474.png\" class=\"attachment-weedles-thumb-med size-weedles-thumb-med wp-post-image\" alt=\"Ger\u00e7ek\u00e7i Ortamlar\" \/><div class=\"mask\"><\/div><a href=\"https:\/\/vita-l.com\/tr\/?cpt_services=gercekci-ortamlar\" aria-hidden=\"true\" class=\"icons\"><span><\/span><span><\/span><span><\/span><\/a><\/div>\t\n\t<div class=\"sc_services_item_info\">\n\t\t<div class=\"sc_services_item_header\">\n\t\t\t\t\t\t<h6 class=\"sc_services_item_title\"><a href=\"https:\/\/vita-l.com\/tr\/?cpt_services=gercekci-ortamlar\">Ger\u00e7ek\u00e7i Ortamlar<\/a><\/h6>\n\t\t\t<div class=\"sc_services_item_subtitle\"><a href=\"https:\/\/vita-l.com\/tr\/?cpt_services_group=fark-yaratan-cozumler\" title=\"View all posts in Fark Yaratan \u00c7\u00f6z\u00fcmler\">Fark Yaratan \u00c7\u00f6z\u00fcmler<\/a><a href=\"https:\/\/vita-l.com\/tr\/?cpt_services_group=gercekci-ortamlar\" title=\"View all posts in Ger\u00e7ek\u00e7i Ortamlar\">, Ger\u00e7ek\u00e7i Ortamlar<\/a><\/div>\t\t<\/div>\n\t\t\t<\/div>\n<\/div>\n<\/div><div class=\"trx_addons_column-1_5\"><div class=\"sc_services_item without_content with_image sc_services_item_featured_top\">\n\t<div class=\"post_featured with_thumb hover_dots sc_services_item_thumb\"><img loading=\"lazy\" decoding=\"async\" width=\"500\" height=\"474\" src=\"https:\/\/vita-l.com\/tr\/wp-content\/uploads\/2025\/05\/Icon-Accessible-Flexible-Learning-500x474.png\" class=\"attachment-weedles-thumb-med size-weedles-thumb-med wp-post-image\" alt=\"Eri\u015filebilir E\u011fitim\" \/><div class=\"mask\"><\/div><a href=\"https:\/\/vita-l.com\/tr\/?cpt_services=erisilebilir-egitim\" aria-hidden=\"true\" class=\"icons\"><span><\/span><span><\/span><span><\/span><\/a><\/div>\t\n\t<div class=\"sc_services_item_info\">\n\t\t<div class=\"sc_services_item_header\">\n\t\t\t\t\t\t<h6 class=\"sc_services_item_title\"><a href=\"https:\/\/vita-l.com\/tr\/?cpt_services=erisilebilir-egitim\">Eri\u015filebilir E\u011fitim<\/a><\/h6>\n\t\t\t<div class=\"sc_services_item_subtitle\"><a href=\"https:\/\/vita-l.com\/tr\/?cpt_services_group=erisilebilir-egitim\" title=\"View all posts in Eri\u015filebilir E\u011fitim\">Eri\u015filebilir E\u011fitim<\/a><a href=\"https:\/\/vita-l.com\/tr\/?cpt_services_group=fark-yaratan-cozumler\" title=\"View all posts in Fark Yaratan \u00c7\u00f6z\u00fcmler\">, Fark Yaratan \u00c7\u00f6z\u00fcmler<\/a><\/div>\t\t<\/div>\n\t\t\t<\/div>\n<\/div>\n<\/div><div class=\"trx_addons_column-1_5\"><div class=\"sc_services_item without_content with_image sc_services_item_featured_top\">\n\t<div class=\"post_featured with_thumb hover_dots sc_services_item_thumb\"><img loading=\"lazy\" decoding=\"async\" width=\"200\" height=\"200\" src=\"https:\/\/vita-l.com\/tr\/wp-content\/uploads\/2017\/05\/Ai-Icon.png\" class=\"attachment-weedles-thumb-med size-weedles-thumb-med wp-post-image\" alt=\"Yapay Zek\u00e2 Entegrasyonu\" srcset=\"https:\/\/vita-l.com\/tr\/wp-content\/uploads\/2017\/05\/Ai-Icon.png 200w, https:\/\/vita-l.com\/tr\/wp-content\/uploads\/2017\/05\/Ai-Icon-150x150.png 150w, https:\/\/vita-l.com\/tr\/wp-content\/uploads\/2017\/05\/Ai-Icon-90x90.png 90w, https:\/\/vita-l.com\/tr\/wp-content\/uploads\/2017\/05\/Ai-Icon-100x100.png 100w\" sizes=\"(max-width: 200px) 100vw, 200px\" \/><div class=\"mask\"><\/div><a href=\"https:\/\/vita-l.com\/tr\/?cpt_services=yapay-zeka-entegrasyonu\" aria-hidden=\"true\" class=\"icons\"><span><\/span><span><\/span><span><\/span><\/a><\/div>\t\n\t<div class=\"sc_services_item_info\">\n\t\t<div class=\"sc_services_item_header\">\n\t\t\t\t\t\t<h6 class=\"sc_services_item_title\"><a href=\"https:\/\/vita-l.com\/tr\/?cpt_services=yapay-zeka-entegrasyonu\">Yapay Zek\u00e2 Entegrasyonu<\/a><\/h6>\n\t\t\t<div class=\"sc_services_item_subtitle\"><a href=\"https:\/\/vita-l.com\/tr\/?cpt_services_group=fark-yaratan-cozumler\" title=\"View all posts in Fark Yaratan \u00c7\u00f6z\u00fcmler\">Fark Yaratan \u00c7\u00f6z\u00fcmler<\/a><a href=\"https:\/\/vita-l.com\/tr\/?cpt_services_group=yapay-zeka-entegrasyonu\" title=\"View all posts in Yapay Zek\u00e2 Entegrasyonu\">, Yapay Zek\u00e2 Entegrasyonu<\/a><\/div>\t\t<\/div>\n\t\t\t<\/div>\n<\/div>\n<\/div><div class=\"trx_addons_column-1_5\"><div class=\"sc_services_item without_content with_image sc_services_item_featured_top\">\n\t<div class=\"post_featured with_thumb hover_dots sc_services_item_thumb\"><img loading=\"lazy\" decoding=\"async\" width=\"500\" height=\"474\" src=\"https:\/\/vita-l.com\/tr\/wp-content\/uploads\/2025\/05\/Icon-Diversity-500x474.png\" class=\"attachment-weedles-thumb-med size-weedles-thumb-med wp-post-image\" alt=\"Uluslararas\u0131 \u00d6l\u00e7ek\" \/><div class=\"mask\"><\/div><a href=\"https:\/\/vita-l.com\/tr\/?cpt_services=uluslararasi-olcek\" aria-hidden=\"true\" class=\"icons\"><span><\/span><span><\/span><span><\/span><\/a><\/div>\t\n\t<div class=\"sc_services_item_info\">\n\t\t<div class=\"sc_services_item_header\">\n\t\t\t\t\t\t<h6 class=\"sc_services_item_title\"><a href=\"https:\/\/vita-l.com\/tr\/?cpt_services=uluslararasi-olcek\">Uluslararas\u0131 \u00d6l\u00e7ek<\/a><\/h6>\n\t\t\t<div class=\"sc_services_item_subtitle\"><a href=\"https:\/\/vita-l.com\/tr\/?cpt_services_group=fark-yaratan-cozumler\" title=\"View all posts in Fark Yaratan \u00c7\u00f6z\u00fcmler\">Fark Yaratan \u00c7\u00f6z\u00fcmler<\/a><a href=\"https:\/\/vita-l.com\/tr\/?cpt_services_group=uluslararasi-olcek\" title=\"View all posts in Uluslararas\u0131 \u00d6l\u00e7ek\">, Uluslararas\u0131 \u00d6l\u00e7ek<\/a><\/div>\t\t<\/div>\n\t\t\t<\/div>\n<\/div>\n<\/div><\/div><\/div><!-- \/.sc_services -->[vc_empty_space alter_height=&#8221;medium&#8221; hide_on_mobile=&#8221;&#8221; css=&#8221;.vc_custom_1499090695879{margin-bottom: 0.8rem !important;}&#8221;][\/vc_column][\/vc_row]<\/p>\n<\/div>","protected":false},"excerpt":{"rendered":"<p>[vc_row full_width=&#8221;stretch_row&#8221; grey_bg=&#8221;&#8221;][vc_column][rev_slider_vc alias=&#8221;slider-1&#8243;][\/vc_column][\/vc_row][vc_row full_width=&#8221;stretch_row&#8221; grey_bg=&#8221;1&#8243;][vc_column][vc_empty_space alter_height=&#8221;huge&#8221; hide_on_mobile=&#8221;&#8221; css=&#8221;.vc_custom_1499091865828{margin-top: 0.3rem !important;}&#8221;][vc_empty_space alter_height=&#8221;huge&#8221; hide_on_mobile=&#8221;&#8221;][\/vc_column][\/vc_row][vc_row full_width=&#8221;stretch_row&#8221; grey_bg=&#8221;&#8221; css=&#8221;.vc_custom_1759088558675{background: #f3f3f3 url(https:\/\/vita-l.com\/wp-content\/uploads\/2025\/09\/Web-foto1-1.png?id=1172) !important;background-position: center !important;background-repeat: no-repeat !important;background-size: cover !important;border-color: #f7f7f7 !important;}&#8221; el_class=&#8221;sc_layouts_571&#8243;][vc_column width=&#8221;5\/12&#8243;][vc_empty_space alter_height=&#8221;huge&#8221; hide_on_mobile=&#8221;&#8221;][\/vc_column][\/vc_row][vc_row][vc_column][vc_empty_space alter_height=&#8221;huge&#8221; hide_on_mobile=&#8221;&#8221; css=&#8221;.vc_custom_1499083547327{margin-top: 0.5rem !important;}&#8221;][vc_empty_space alter_height=&#8221;huge&#8221; hide_on_mobile=&#8221;&#8221;][\/vc_column][\/vc_row][vc_row][vc_column][vc_column_text][\/vc_column_text][\/vc_column][\/vc_row][vc_row][vc_column scheme=&#8221;default&#8221;][vc_empty_space alter_height=&#8221;medium&#8221; hide_on_mobile=&#8221;&#8221; css=&#8221;.vc_custom_1499090695879{margin-bottom: 0.8rem !important;}&#8221;][\/vc_column][\/vc_row]<\/p>\n","protected":false},"author":1,"featured_media":0,"parent":0,"menu_order":0,"comment_status":"closed","ping_status":"closed","template":"","meta":{"footnotes":""},"class_list":["post-84","page","type-page","status-publish","hentry"],"_links":{"self":[{"href":"https:\/\/vita-l.com\/tr\/index.php?rest_route=\/wp\/v2\/pages\/84","targetHints":{"allow":["GET"]}}],"collection":[{"href":"https:\/\/vita-l.com\/tr\/index.php?rest_route=\/wp\/v2\/pages"}],"about":[{"href":"https:\/\/vita-l.com\/tr\/index.php?rest_route=\/wp\/v2\/types\/page"}],"author":[{"embeddable":true,"href":"https:\/\/vita-l.com\/tr\/index.php?rest_route=\/wp\/v2\/users\/1"}],"replies":[{"embeddable":true,"href":"https:\/\/vita-l.com\/tr\/index.php?rest_route=%2Fwp%2Fv2%2Fcomments&post=84"}],"version-history":[{"count":25,"href":"https:\/\/vita-l.com\/tr\/index.php?rest_route=\/wp\/v2\/pages\/84\/revisions"}],"predecessor-version":[{"id":1193,"href":"https:\/\/vita-l.com\/tr\/index.php?rest_route=\/wp\/v2\/pages\/84\/revisions\/1193"}],"wp:attachment":[{"href":"https:\/\/vita-l.com\/tr\/index.php?rest_route=%2Fwp%2Fv2%2Fmedia&parent=84"}],"curies":[{"name":"wp","href":"https:\/\/api.w.org\/{rel}","templated":true}]}}