{"id":661,"date":"2019-10-30T14:35:26","date_gmt":"2019-10-30T14:35:26","guid":{"rendered":"https:\/\/vrlab.studio\/?page_id=661"},"modified":"2026-01-21T09:28:42","modified_gmt":"2026-01-21T09:28:42","slug":"service-plus","status":"publish","type":"page","link":"https:\/\/vita-l.com\/tr\/?page_id=661","title":{"rendered":"Uzmanl\u0131k Alanlar\u0131m\u0131z"},"content":{"rendered":"<div class=\"wpb-content-wrapper\"><p>[vc_row][vc_column icons_position=&#8221;left&#8221;][vc_empty_space height=&#8221;&#8221; alter_height=&#8221;large&#8221; hide_on_mobile=&#8221;&#8221; hide_on_desktop=&#8221;&#8221; hide_on_notebook=&#8221;&#8221; hide_on_tablet=&#8221;&#8221;]<div id=\"sc_title_158344841\"\n\t\tclass=\"sc_title color_style_default sc_title_default\"><h3 class=\"sc_item_title sc_title_title sc_align_center sc_item_title_style_default\">Uzmanl\u0131k Alanlar\u0131m\u0131z<\/h3><\/div><!-- \/.sc_title -->[vc_empty_space height=&#8221;&#8221; alter_height=&#8221;medium&#8221; hide_on_mobile=&#8221;&#8221; hide_on_desktop=&#8221;&#8221; hide_on_notebook=&#8221;&#8221; hide_on_tablet=&#8221;&#8221;][vc_column_text css=&#8221;&#8221;]VITA PolicyLab, politika bilgisi, yapay zek\u00e2 ve immersive teknolojileri bir araya getirerek <strong>deneyim temelli, veri destekli ve \u00f6l\u00e7eklenebilir<\/strong> \u00e7\u00f6z\u00fcmler geli\u015ftirir. Uzmanl\u0131\u011f\u0131m\u0131z, <strong>PolicyTech, immersive \u00f6\u011frenme ve sorumlu AI<\/strong> kesi\u015fiminde konumlan\u0131r; kurumlar\u0131n karar alma, test etme ve d\u00f6n\u00fc\u015f\u00fcm s\u00fcre\u00e7lerini g\u00fc\u00e7lendirir.<\/p>\n<p><strong>Temel Uzmanl\u0131k Alanlar\u0131m\u0131z<\/strong><\/p>\n<ul>\n<li><strong>AI Destekli Politika ve Karar Alma Sim\u00fclasyonlar\u0131<\/strong><br class=\"soft-break\" \/>Yapay zek\u00e2 tabanl\u0131 geri bildirim, performans takibi ve davran\u0131\u015f analizi i\u00e7eren senaryo temelli sim\u00fclasyonlar.<\/li>\n<li><strong>Immersive E\u011fitim ve \u00d6\u011frenme Tasar\u0131m\u0131 (VR\/AR\/XR)<\/strong><br class=\"soft-break\" \/>Diplomasi, kriz y\u00f6netimi, m\u00fczakere, y\u00f6neti\u015fim ve etik alanlar\u0131nda y\u00fcksek etkili e\u011fitim mod\u00fclleri.<\/li>\n<li><strong>Policy Sandbox &amp; Senaryo Test Ortamlar\u0131<\/strong><br class=\"soft-break\" \/>Politikalar\u0131n ger\u00e7ek hayata ge\u00e7meden \u00f6nce g\u00fcvenli ortamlarda denenmesini sa\u011flayan deneysel alanlar.<\/li>\n<li><strong>Dijital \u0130kizler &amp; Sanal Prod\u00fcksiyon<\/strong><br class=\"soft-break\" \/>E\u011fitim, planlama, ileti\u015fim ve k\u00fclt\u00fcrel miras i\u00e7in mek\u00e2nlar\u0131n ve s\u00fcre\u00e7lerin dijital kopyalar\u0131.<\/li>\n<li><strong>\u00c7e\u015fitlilik, Kapsay\u0131c\u0131l\u0131k &amp; Empati Odakl\u0131 \u00d6\u011frenme<\/strong><br class=\"soft-break\" \/>Fark\u0131ndal\u0131k, empati ve kapsay\u0131c\u0131 karar alma becerilerini g\u00fc\u00e7lendiren immersive programlar.<\/li>\n<li><strong>Yanl\u0131\u015f Bilgi ve Dezenformasyona Kar\u015f\u0131 Dayan\u0131kl\u0131l\u0131k<\/strong><br class=\"soft-break\" \/>Ele\u015ftirel d\u00fc\u015f\u00fcnme, medya okuryazarl\u0131\u011f\u0131 ve kurumsal diren\u00e7 geli\u015ftiren e\u011fitim \u00e7\u00f6z\u00fcmleri.<\/li>\n<li><strong>Ara\u015ft\u0131rma, \u00d6l\u00e7me ve Etki De\u011ferlendirme<\/strong><br class=\"soft-break\" \/>\u00d6l\u00e7\u00fclebilir \u00e7\u0131kt\u0131lar i\u00e7in AI destekli izleme ve de\u011ferlendirme \u00e7er\u00e7eveleri.<\/li>\n<li><strong>Stratejik Dan\u0131\u015fmanl\u0131k &amp; Kapasite Geli\u015ftirme<\/strong><br class=\"soft-break\" \/>Kamu, akademi, uluslararas\u0131 kurulu\u015flar ve \u00f6zel sekt\u00f6r i\u00e7in \u00f6zel dan\u0131\u015fmanl\u0131k hizmetleri.<\/li>\n<\/ul>\n<p>[\/vc_column_text]<div id=\"sc_services_979972674\" class=\"sc_services color_style_default sc_services_light sc_services_featured_top\"><div class=\"sc_services_columns sc_item_columns sc_item_columns_5 trx_addons_columns_wrap columns_padding_bottom\"><div class=\"trx_addons_column-1_5\"><div class=\"sc_services_item with_content with_image sc_services_item_featured_top\">\n\t<div class=\"post_featured with_thumb hover_dots sc_services_item_thumb\"><img fetchpriority=\"high\" decoding=\"async\" width=\"500\" height=\"474\" src=\"https:\/\/vita-l.com\/tr\/wp-content\/uploads\/2025\/05\/Icon-Diversity-500x474.png\" class=\"attachment-weedles-thumb-med size-weedles-thumb-med wp-post-image\" alt=\"Uluslararas\u0131 \u00d6l\u00e7ek\" \/><div class=\"mask\"><\/div><a href=\"https:\/\/vita-l.com\/tr\/?cpt_services=uluslararasi-olcek\" aria-hidden=\"true\" class=\"icons\"><span><\/span><span><\/span><span><\/span><\/a><\/div>\t\n\t<div class=\"sc_services_item_info\">\n\t\t<div class=\"sc_services_item_header\">\n\t\t\t\t\t\t<h6 class=\"sc_services_item_title\"><a href=\"https:\/\/vita-l.com\/tr\/?cpt_services=uluslararasi-olcek\">Uluslararas\u0131 \u00d6l\u00e7ek<\/a><\/h6>\n\t\t\t<div class=\"sc_services_item_subtitle\"><a href=\"https:\/\/vita-l.com\/tr\/?cpt_services_group=fark-yaratan-cozumler\" title=\"View all posts in Fark Yaratan \u00c7\u00f6z\u00fcmler\">Fark Yaratan \u00c7\u00f6z\u00fcmler<\/a><a href=\"https:\/\/vita-l.com\/tr\/?cpt_services_group=uluslararasi-olcek\" title=\"View all posts in Uluslararas\u0131 \u00d6l\u00e7ek\">, Uluslararas\u0131 \u00d6l\u00e7ek<\/a><\/div>\t\t<\/div>\n\t\t\t\t\t<div class=\"sc_services_item_content\"><p>AB ve BM kurumlar\u0131yla uyumlu, fon destekli ve k\u00fcresel pazara a\u00e7\u0131k \u00e7\u00f6z\u00fcmler.<\/p>\n<\/div>\n\t\t\t<div class=\"sc_services_item_button sc_item_button\"><a href=\"https:\/\/vita-l.com\/tr\/?cpt_services=uluslararasi-olcek\" class=\"sc_button sc_button_simple\">Learn more<\/a><\/div>\n\t\t\t<\/div>\n<\/div>\n<\/div><div class=\"trx_addons_column-1_5\"><div class=\"sc_services_item with_content with_image sc_services_item_featured_top\">\n\t<div class=\"post_featured with_thumb hover_dots sc_services_item_thumb\"><img decoding=\"async\" width=\"200\" height=\"200\" src=\"https:\/\/vita-l.com\/tr\/wp-content\/uploads\/2017\/05\/Ai-Icon.png\" class=\"attachment-weedles-thumb-med size-weedles-thumb-med wp-post-image\" alt=\"Yapay Zek\u00e2 Entegrasyonu\" srcset=\"https:\/\/vita-l.com\/tr\/wp-content\/uploads\/2017\/05\/Ai-Icon.png 200w, https:\/\/vita-l.com\/tr\/wp-content\/uploads\/2017\/05\/Ai-Icon-150x150.png 150w, https:\/\/vita-l.com\/tr\/wp-content\/uploads\/2017\/05\/Ai-Icon-90x90.png 90w, https:\/\/vita-l.com\/tr\/wp-content\/uploads\/2017\/05\/Ai-Icon-100x100.png 100w\" sizes=\"(max-width: 200px) 100vw, 200px\" \/><div class=\"mask\"><\/div><a href=\"https:\/\/vita-l.com\/tr\/?cpt_services=yapay-zeka-entegrasyonu\" aria-hidden=\"true\" class=\"icons\"><span><\/span><span><\/span><span><\/span><\/a><\/div>\t\n\t<div class=\"sc_services_item_info\">\n\t\t<div class=\"sc_services_item_header\">\n\t\t\t\t\t\t<h6 class=\"sc_services_item_title\"><a href=\"https:\/\/vita-l.com\/tr\/?cpt_services=yapay-zeka-entegrasyonu\">Yapay Zek\u00e2 Entegrasyonu<\/a><\/h6>\n\t\t\t<div class=\"sc_services_item_subtitle\"><a href=\"https:\/\/vita-l.com\/tr\/?cpt_services_group=fark-yaratan-cozumler\" title=\"View all posts in Fark Yaratan \u00c7\u00f6z\u00fcmler\">Fark Yaratan \u00c7\u00f6z\u00fcmler<\/a><a href=\"https:\/\/vita-l.com\/tr\/?cpt_services_group=yapay-zeka-entegrasyonu\" title=\"View all posts in Yapay Zek\u00e2 Entegrasyonu\">, Yapay Zek\u00e2 Entegrasyonu<\/a><\/div>\t\t<\/div>\n\t\t\t\t\t<div class=\"sc_services_item_content\"><p>AI destekli geri bildirim, ileti\u015fim analizi ve karar sim\u00fclasyonu.<\/p>\n<\/div>\n\t\t\t<div class=\"sc_services_item_button sc_item_button\"><a href=\"https:\/\/vita-l.com\/tr\/?cpt_services=yapay-zeka-entegrasyonu\" class=\"sc_button sc_button_simple\">Learn more<\/a><\/div>\n\t\t\t<\/div>\n<\/div>\n<\/div><div class=\"trx_addons_column-1_5\"><div class=\"sc_services_item with_content with_image sc_services_item_featured_top\">\n\t<div class=\"post_featured with_thumb hover_dots sc_services_item_thumb\"><img decoding=\"async\" width=\"500\" height=\"474\" src=\"https:\/\/vita-l.com\/tr\/wp-content\/uploads\/2025\/05\/Icon-Accessible-Flexible-Learning-500x474.png\" class=\"attachment-weedles-thumb-med size-weedles-thumb-med wp-post-image\" alt=\"Eri\u015filebilir E\u011fitim\" \/><div class=\"mask\"><\/div><a href=\"https:\/\/vita-l.com\/tr\/?cpt_services=erisilebilir-egitim\" aria-hidden=\"true\" class=\"icons\"><span><\/span><span><\/span><span><\/span><\/a><\/div>\t\n\t<div class=\"sc_services_item_info\">\n\t\t<div class=\"sc_services_item_header\">\n\t\t\t\t\t\t<h6 class=\"sc_services_item_title\"><a href=\"https:\/\/vita-l.com\/tr\/?cpt_services=erisilebilir-egitim\">Eri\u015filebilir E\u011fitim<\/a><\/h6>\n\t\t\t<div class=\"sc_services_item_subtitle\"><a href=\"https:\/\/vita-l.com\/tr\/?cpt_services_group=erisilebilir-egitim\" title=\"View all posts in Eri\u015filebilir E\u011fitim\">Eri\u015filebilir E\u011fitim<\/a><a href=\"https:\/\/vita-l.com\/tr\/?cpt_services_group=fark-yaratan-cozumler\" title=\"View all posts in Fark Yaratan \u00c7\u00f6z\u00fcmler\">, Fark Yaratan \u00c7\u00f6z\u00fcmler<\/a><\/div>\t\t<\/div>\n\t\t\t\t\t<div class=\"sc_services_item_content\"><p>VR g\u00f6zl\u00fcklerin yan\u0131 s\u0131ra web, masa\u00fcst\u00fc ve mobil eri\u015fim se\u00e7enekleri.<\/p>\n<\/div>\n\t\t\t<div class=\"sc_services_item_button sc_item_button\"><a href=\"https:\/\/vita-l.com\/tr\/?cpt_services=erisilebilir-egitim\" class=\"sc_button sc_button_simple\">Learn more<\/a><\/div>\n\t\t\t<\/div>\n<\/div>\n<\/div><div class=\"trx_addons_column-1_5\"><div class=\"sc_services_item with_content with_image sc_services_item_featured_top\">\n\t<div class=\"post_featured with_thumb hover_dots sc_services_item_thumb\"><img loading=\"lazy\" decoding=\"async\" width=\"500\" height=\"474\" src=\"https:\/\/vita-l.com\/tr\/wp-content\/uploads\/2025\/05\/Icon-Highly-Realistic-Environments-500x474.png\" class=\"attachment-weedles-thumb-med size-weedles-thumb-med wp-post-image\" alt=\"Ger\u00e7ek\u00e7i Ortamlar\" \/><div class=\"mask\"><\/div><a href=\"https:\/\/vita-l.com\/tr\/?cpt_services=gercekci-ortamlar\" aria-hidden=\"true\" class=\"icons\"><span><\/span><span><\/span><span><\/span><\/a><\/div>\t\n\t<div class=\"sc_services_item_info\">\n\t\t<div class=\"sc_services_item_header\">\n\t\t\t\t\t\t<h6 class=\"sc_services_item_title\"><a href=\"https:\/\/vita-l.com\/tr\/?cpt_services=gercekci-ortamlar\">Ger\u00e7ek\u00e7i Ortamlar<\/a><\/h6>\n\t\t\t<div class=\"sc_services_item_subtitle\"><a href=\"https:\/\/vita-l.com\/tr\/?cpt_services_group=fark-yaratan-cozumler\" title=\"View all posts in Fark Yaratan \u00c7\u00f6z\u00fcmler\">Fark Yaratan \u00c7\u00f6z\u00fcmler<\/a><a href=\"https:\/\/vita-l.com\/tr\/?cpt_services_group=gercekci-ortamlar\" title=\"View all posts in Ger\u00e7ek\u00e7i Ortamlar\">, Ger\u00e7ek\u00e7i Ortamlar<\/a><\/div>\t\t<\/div>\n\t\t\t\t\t<div class=\"sc_services_item_content\"><p>Dijital ikizler, volumetrik video ve 3D ortam tasar\u0131mlar\u0131yla \u00f6l\u00e7\u00fclebilir etkile\u015fim.<\/p>\n<\/div>\n\t\t\t<div class=\"sc_services_item_button sc_item_button\"><a href=\"https:\/\/vita-l.com\/tr\/?cpt_services=gercekci-ortamlar\" class=\"sc_button sc_button_simple\">Learn more<\/a><\/div>\n\t\t\t<\/div>\n<\/div>\n<\/div><div class=\"trx_addons_column-1_5\"><div class=\"sc_services_item with_content with_image sc_services_item_featured_top\">\n\t<div class=\"post_featured with_thumb hover_dots sc_services_item_thumb\"><img loading=\"lazy\" decoding=\"async\" width=\"500\" height=\"474\" src=\"https:\/\/vita-l.com\/tr\/wp-content\/uploads\/2025\/05\/Icon-Immersive-Real-World-Simulations-500x474.png\" class=\"attachment-weedles-thumb-med size-weedles-thumb-med wp-post-image\" alt=\"Politika Sim\u00fclasyonlar\u0131\" \/><div class=\"mask\"><\/div><a href=\"https:\/\/vita-l.com\/tr\/?cpt_services=politika-simulasyonlari\" aria-hidden=\"true\" class=\"icons\"><span><\/span><span><\/span><span><\/span><\/a><\/div>\t\n\t<div class=\"sc_services_item_info\">\n\t\t<div class=\"sc_services_item_header\">\n\t\t\t\t\t\t<h6 class=\"sc_services_item_title\"><a href=\"https:\/\/vita-l.com\/tr\/?cpt_services=politika-simulasyonlari\">Politika Sim\u00fclasyonlar\u0131<\/a><\/h6>\n\t\t\t<div class=\"sc_services_item_subtitle\"><a href=\"https:\/\/vita-l.com\/tr\/?cpt_services_group=fark-yaratan-cozumler\" title=\"View all posts in Fark Yaratan \u00c7\u00f6z\u00fcmler\">Fark Yaratan \u00c7\u00f6z\u00fcmler<\/a><a href=\"https:\/\/vita-l.com\/tr\/?cpt_services_group=politika-simulasyonlari\" title=\"View all posts in Politika Sim\u00fclasyonlar\u0131\">, Politika Sim\u00fclasyonlar\u0131<\/a><\/div>\t\t<\/div>\n\t\t\t\t\t<div class=\"sc_services_item_content\"><p>Diplomasi, kriz y\u00f6netimi, etik ve toplumsal kat\u0131l\u0131m senaryolar\u0131nda immersive deneyimler.<\/p>\n<\/div>\n\t\t\t<div class=\"sc_services_item_button sc_item_button\"><a href=\"https:\/\/vita-l.com\/tr\/?cpt_services=politika-simulasyonlari\" class=\"sc_button sc_button_simple\">Learn more<\/a><\/div>\n\t\t\t<\/div>\n<\/div>\n<\/div><\/div><\/div><!-- \/.sc_services -->[\/vc_column][\/vc_row]<\/p>\n<\/div>","protected":false},"excerpt":{"rendered":"<p>[vc_row][vc_column icons_position=&#8221;left&#8221;][vc_empty_space height=&#8221;&#8221; alter_height=&#8221;large&#8221; hide_on_mobile=&#8221;&#8221; hide_on_desktop=&#8221;&#8221; hide_on_notebook=&#8221;&#8221; hide_on_tablet=&#8221;&#8221;][vc_empty_space height=&#8221;&#8221; alter_height=&#8221;medium&#8221; hide_on_mobile=&#8221;&#8221; hide_on_desktop=&#8221;&#8221; hide_on_notebook=&#8221;&#8221; hide_on_tablet=&#8221;&#8221;][vc_column_text css=&#8221;&#8221;]VITA PolicyLab, politika bilgisi, yapay zek\u00e2 ve immersive teknolojileri bir araya getirerek deneyim temelli, veri destekli ve \u00f6l\u00e7eklenebilir \u00e7\u00f6z\u00fcmler geli\u015ftirir. Uzmanl\u0131\u011f\u0131m\u0131z, PolicyTech, immersive \u00f6\u011frenme ve sorumlu AI kesi\u015fiminde konumlan\u0131r; kurumlar\u0131n karar alma, test etme ve d\u00f6n\u00fc\u015f\u00fcm s\u00fcre\u00e7lerini g\u00fc\u00e7lendirir. Temel Uzmanl\u0131k Alanlar\u0131m\u0131z AI Destekli Politika ve Karar&hellip;<\/p>\n","protected":false},"author":1,"featured_media":0,"parent":0,"menu_order":0,"comment_status":"closed","ping_status":"closed","template":"","meta":{"footnotes":""},"class_list":["post-661","page","type-page","status-publish","hentry"],"_links":{"self":[{"href":"https:\/\/vita-l.com\/tr\/index.php?rest_route=\/wp\/v2\/pages\/661","targetHints":{"allow":["GET"]}}],"collection":[{"href":"https:\/\/vita-l.com\/tr\/index.php?rest_route=\/wp\/v2\/pages"}],"about":[{"href":"https:\/\/vita-l.com\/tr\/index.php?rest_route=\/wp\/v2\/types\/page"}],"author":[{"embeddable":true,"href":"https:\/\/vita-l.com\/tr\/index.php?rest_route=\/wp\/v2\/users\/1"}],"replies":[{"embeddable":true,"href":"https:\/\/vita-l.com\/tr\/index.php?rest_route=%2Fwp%2Fv2%2Fcomments&post=661"}],"version-history":[{"count":3,"href":"https:\/\/vita-l.com\/tr\/index.php?rest_route=\/wp\/v2\/pages\/661\/revisions"}],"predecessor-version":[{"id":1261,"href":"https:\/\/vita-l.com\/tr\/index.php?rest_route=\/wp\/v2\/pages\/661\/revisions\/1261"}],"wp:attachment":[{"href":"https:\/\/vita-l.com\/tr\/index.php?rest_route=%2Fwp%2Fv2%2Fmedia&parent=661"}],"curies":[{"name":"wp","href":"https:\/\/api.w.org\/{rel}","templated":true}]}}