{"id":233,"date":"2017-05-08T15:05:49","date_gmt":"2017-05-08T15:05:49","guid":{"rendered":"https:\/\/vrlab.studio\/?page_id=233"},"modified":"2025-12-09T09:34:46","modified_gmt":"2025-12-09T09:34:46","slug":"typography","status":"publish","type":"page","link":"https:\/\/vita-l.com\/tr\/?page_id=233","title":{"rendered":"Projeler"},"content":{"rendered":"<div class=\"wpb-content-wrapper\"><p>[vc_row][vc_column][vc_column_text css=&#8221;&#8221;]<\/p>\n<h3><b>Projelerimiz<\/b><\/h3>\n<p class=\"p1\">VITA Lab olarak, politika ve e\u011fitim alan\u0131nda <span class=\"s1\"><b>immersive teknolojiler ve yapay zek\u00e2 destekli \u00e7\u00f6z\u00fcmler<\/b><\/span> geli\u015ftiriyoruz. Y\u00fcr\u00fctt\u00fc\u011f\u00fcm\u00fcz projeler; diplomasi, kriz y\u00f6netimi, etik, toplumsal kat\u0131l\u0131m ve k\u00fclt\u00fcrel miras gibi farkl\u0131 alanlarda kurumlara yenilik\u00e7i deneyimler sunuyor.<\/p>\n<p class=\"p1\">Bu sayfada, hem <span class=\"s1\"><b>tamamlanan projelerimizi<\/b><\/span> hem de \u00fczerinde \u00e7al\u0131\u015fmaya devam etti\u011fimiz <span class=\"s1\"><b>g\u00fcncel projelerimizi<\/b><\/span> bulabilirsiniz. Her biri, teknoloji ile politikay\u0131 bulu\u015fturma vizyonumuzun somut birer yans\u0131mas\u0131d\u0131r.<\/p>\n<p>[\/vc_column_text][vc_column_text css=&#8221;&#8221;][\/vc_column_text]<div id=\"sc_services_963924791\" class=\"sc_services color_style_default sc_services_default sc_services_featured_top\"><h6 class=\"sc_item_subtitle sc_services_subtitle sc_align_left sc_item_title_style_default\">Projeler<\/h6><h3 class=\"sc_item_title sc_services_title sc_align_left sc_item_title_style_default\">Tamamlanan Projeler<\/h3><div class=\"sc_services_columns sc_item_columns sc_item_columns_3 trx_addons_columns_wrap columns_padding_bottom\"><div class=\"trx_addons_column-1_3\"><div class=\"sc_services_item with_content with_image sc_services_item_featured_top\">\n\t<div class=\"post_featured with_thumb hover_dots sc_services_item_thumb\"><img fetchpriority=\"high\" decoding=\"async\" width=\"740\" height=\"474\" src=\"https:\/\/vita-l.com\/tr\/wp-content\/uploads\/2017\/04\/VR-Lab-\u2013-Dconferance-1-740x474.png\" class=\"attachment-weedles-thumb-med size-weedles-thumb-med wp-post-image\" alt=\"Deprem \u00c7antas\u0131 Haz\u0131rlama VR Sim\u00fclasyonu\" \/><div class=\"mask\"><\/div><a href=\"https:\/\/vita-l.com\/tr\/?p=145\" aria-hidden=\"true\" class=\"icons\"><span><\/span><span><\/span><span><\/span><\/a><\/div>\t\n\t<div class=\"sc_services_item_info\">\n\t\t<div class=\"sc_services_item_header\">\n\t\t\t<h4 class=\"sc_services_item_title\"><a href=\"https:\/\/vita-l.com\/tr\/?p=145\">Deprem \u00c7antas\u0131 Haz\u0131rlama VR Sim\u00fclasyonu<\/a><\/h4>\n\t\t\t<div class=\"sc_services_item_subtitle\"><\/div>\n\t\t<\/div>\n\t\t\t\t\t<div class=\"sc_services_item_content\"><p>\u0130zmir\u2019in en eski yerle\u015fimini dijital ikiz ve VR teknolojisiyle yeniden ya\u015fatan, tarih \u00f6ncesi g\u00fcnl\u00fck ya\u015fam\u0131 ke\u015ffetme f\u0131rsat\u0131 sunan deneyim.<\/p>\n<\/div>\n\t\t\t<div class=\"sc_services_item_button sc_item_button\"><a href=\"https:\/\/vita-l.com\/tr\/?p=145\" class=\"sc_button sc_button_simple\">Learn more<\/a><\/div>\n\t\t\t<\/div>\n<\/div>\n<\/div><div class=\"trx_addons_column-1_3\"><div class=\"sc_services_item with_content with_image sc_services_item_featured_top\">\n\t<div class=\"post_featured with_thumb hover_dots sc_services_item_thumb\"><img decoding=\"async\" width=\"740\" height=\"474\" src=\"https:\/\/vita-l.com\/tr\/wp-content\/uploads\/2017\/04\/VR-Lab-\u2013-Dconferance-3-740x474.png\" class=\"attachment-weedles-thumb-med size-weedles-thumb-med wp-post-image\" alt=\"Ye\u015filova H\u00f6y\u00fc\u011f\u00fc VR Deneyimi\" \/><div class=\"mask\"><\/div><a href=\"https:\/\/vita-l.com\/tr\/?p=148\" aria-hidden=\"true\" class=\"icons\"><span><\/span><span><\/span><span><\/span><\/a><\/div>\t\n\t<div class=\"sc_services_item_info\">\n\t\t<div class=\"sc_services_item_header\">\n\t\t\t<h4 class=\"sc_services_item_title\"><a href=\"https:\/\/vita-l.com\/tr\/?p=148\">Ye\u015filova H\u00f6y\u00fc\u011f\u00fc VR Deneyimi<\/a><\/h4>\n\t\t\t<div class=\"sc_services_item_subtitle\"><\/div>\n\t\t<\/div>\n\t\t\t\t\t<div class=\"sc_services_item_content\"><p>\u0130zmir\u2019in en eski yerle\u015fimini dijital ikiz ve VR teknolojisiyle yeniden ya\u015fatan, tarih \u00f6ncesi g\u00fcnl\u00fck ya\u015fam\u0131 ke\u015ffetme f\u0131rsat\u0131 sunan deneyim.<\/p>\n<\/div>\n\t\t\t<div class=\"sc_services_item_button sc_item_button\"><a href=\"https:\/\/vita-l.com\/tr\/?p=148\" class=\"sc_button sc_button_simple\">Learn more<\/a><\/div>\n\t\t\t<\/div>\n<\/div>\n<\/div><div class=\"trx_addons_column-1_3\"><div class=\"sc_services_item with_content with_image sc_services_item_featured_top\">\n\t<div class=\"post_featured with_thumb hover_dots sc_services_item_thumb\"><img decoding=\"async\" width=\"740\" height=\"474\" src=\"https:\/\/vita-l.com\/tr\/wp-content\/uploads\/2025\/09\/Ekran-Resmi-2025-06-03-17.13.29-740x474.png\" class=\"attachment-weedles-thumb-med size-weedles-thumb-med wp-post-image\" alt=\"Zeytin Hasad\u0131 VR E\u011fitimi\" \/><div class=\"mask\"><\/div><a href=\"https:\/\/vita-l.com\/tr\/?p=1159\" aria-hidden=\"true\" class=\"icons\"><span><\/span><span><\/span><span><\/span><\/a><\/div>\t\n\t<div class=\"sc_services_item_info\">\n\t\t<div class=\"sc_services_item_header\">\n\t\t\t<h4 class=\"sc_services_item_title\"><a href=\"https:\/\/vita-l.com\/tr\/?p=1159\">Zeytin Hasad\u0131 VR E\u011fitimi<\/a><\/h4>\n\t\t\t<div class=\"sc_services_item_subtitle\"><\/div>\n\t\t<\/div>\n\t\t\t\t\t<div class=\"sc_services_item_content\"><p>Dal sars\u0131c\u0131 ve dal \u00e7\u0131rp\u0131c\u0131yla hasat y\u00f6ntemlerini sanal ortamda deneyimleyerek ekipman bilgisi ve uygulamal\u0131 \u00f6\u011frenme sa\u011flayan VR e\u011fitimi.<br \/>\n.<\/p>\n<\/div>\n\t\t\t<div class=\"sc_services_item_button sc_item_button\"><a href=\"https:\/\/vita-l.com\/tr\/?p=1159\" class=\"sc_button sc_button_simple\">Learn more<\/a><\/div>\n\t\t\t<\/div>\n<\/div>\n<\/div><\/div><\/div><!-- \/.sc_services --><div id=\"sc_services_10751553\" class=\"sc_services color_style_default sc_services_default sc_services_featured_top\"><h6 class=\"sc_item_subtitle sc_services_subtitle sc_align_left sc_item_title_style_default\">Projeler<\/h6><h3 class=\"sc_item_title sc_services_title sc_align_left sc_item_title_style_default\">Devam Eden Projeler<\/h3><div class=\"sc_services_columns sc_item_columns sc_item_columns_3 trx_addons_columns_wrap columns_padding_bottom\"><div class=\"trx_addons_column-1_3\"><div class=\"sc_services_item with_content with_image sc_services_item_featured_top\">\n\t<div class=\"post_featured with_thumb hover_dots sc_services_item_thumb\"><img loading=\"lazy\" decoding=\"async\" width=\"740\" height=\"474\" src=\"https:\/\/vita-l.com\/tr\/wp-content\/uploads\/2025\/09\/Web-foto1-2-740x474.png\" class=\"attachment-weedles-thumb-med size-weedles-thumb-med wp-post-image\" alt=\"Diplomasi ve M\u00fczakere VR E\u011fitimi\" srcset=\"https:\/\/vita-l.com\/tr\/wp-content\/uploads\/2025\/09\/Web-foto1-2-740x474.png 740w, https:\/\/vita-l.com\/tr\/wp-content\/uploads\/2025\/09\/Web-foto1-2-300x193.png 300w, https:\/\/vita-l.com\/tr\/wp-content\/uploads\/2025\/09\/Web-foto1-2-370x238.png 370w\" sizes=\"(max-width: 740px) 100vw, 740px\" \/><div class=\"mask\"><\/div><a href=\"https:\/\/vita-l.com\/tr\/?p=151\" aria-hidden=\"true\" class=\"icons\"><span><\/span><span><\/span><span><\/span><\/a><\/div>\t\n\t<div class=\"sc_services_item_info\">\n\t\t<div class=\"sc_services_item_header\">\n\t\t\t<h4 class=\"sc_services_item_title\"><a href=\"https:\/\/vita-l.com\/tr\/?p=151\">Diplomasi ve M\u00fczakere VR E\u011fitimi<\/a><\/h4>\n\t\t\t<div class=\"sc_services_item_subtitle\"><\/div>\n\t\t<\/div>\n\t\t\t\t\t<div class=\"sc_services_item_content\"><p>Uluslararas\u0131 toplant\u0131lar\u0131 sim\u00fcle eden VR deneyimi; kat\u0131l\u0131mc\u0131lar\u0131n m\u00fczakere, ikna ve i\u015fbirli\u011fi becerilerini geli\u015ftirirken yapay zek\u00e2 destekli geri bildirim sa\u011flar.<\/p>\n<\/div>\n\t\t\t<div class=\"sc_services_item_button sc_item_button\"><a href=\"https:\/\/vita-l.com\/tr\/?p=151\" class=\"sc_button sc_button_simple\">Learn more<\/a><\/div>\n\t\t\t<\/div>\n<\/div>\n<\/div><div class=\"trx_addons_column-1_3\"><div class=\"sc_services_item with_content with_image sc_services_item_featured_top\">\n\t<div class=\"post_featured with_thumb hover_dots sc_services_item_thumb\"><img loading=\"lazy\" decoding=\"async\" width=\"740\" height=\"474\" src=\"https:\/\/vita-l.com\/tr\/wp-content\/uploads\/2025\/09\/multiracial-group-of-happy-business-seminar-attend-2024-12-13-18-19-33-utc-740x474.jpg\" class=\"attachment-weedles-thumb-med size-weedles-thumb-med wp-post-image\" alt=\"Kriz Y\u00f6netimi ve Karar Alma Sim\u00fclasyonu\" \/><div class=\"mask\"><\/div><a href=\"https:\/\/vita-l.com\/tr\/?p=154\" aria-hidden=\"true\" class=\"icons\"><span><\/span><span><\/span><span><\/span><\/a><\/div>\t\n\t<div class=\"sc_services_item_info\">\n\t\t<div class=\"sc_services_item_header\">\n\t\t\t<h4 class=\"sc_services_item_title\"><a href=\"https:\/\/vita-l.com\/tr\/?p=154\">Kriz Y\u00f6netimi ve Karar Alma Sim\u00fclasyonu<\/a><\/h4>\n\t\t\t<div class=\"sc_services_item_subtitle\"><\/div>\n\t\t<\/div>\n\t\t\t\t\t<div class=\"sc_services_item_content\"><p>Enerji, g\u00f6\u00e7 ve siber sald\u0131r\u0131 gibi senaryolarda kriz an\u0131nda karar alma s\u00fcre\u00e7lerini test eden interaktif VR sim\u00fclasyonu.<\/p>\n<\/div>\n\t\t\t<div class=\"sc_services_item_button sc_item_button\"><a href=\"https:\/\/vita-l.com\/tr\/?p=154\" class=\"sc_button sc_button_simple\">Learn more<\/a><\/div>\n\t\t\t<\/div>\n<\/div>\n<\/div><div class=\"trx_addons_column-1_3\"><div class=\"sc_services_item with_content with_image sc_services_item_featured_top\">\n\t<div class=\"post_featured with_thumb hover_dots sc_services_item_thumb\"><img loading=\"lazy\" decoding=\"async\" width=\"740\" height=\"474\" src=\"https:\/\/vita-l.com\/tr\/wp-content\/uploads\/2025\/09\/diverse-people-in-a-seminar-2025-02-03-10-14-14-utc-740x474.jpg\" class=\"attachment-weedles-thumb-med size-weedles-thumb-med wp-post-image\" alt=\"\u00c7e\u015fitlilik ve Kapsay\u0131c\u0131l\u0131k Empati E\u011fitimi\" \/><div class=\"mask\"><\/div><a href=\"https:\/\/vita-l.com\/tr\/?p=157\" aria-hidden=\"true\" class=\"icons\"><span><\/span><span><\/span><span><\/span><\/a><\/div>\t\n\t<div class=\"sc_services_item_info\">\n\t\t<div class=\"sc_services_item_header\">\n\t\t\t<h4 class=\"sc_services_item_title\"><a href=\"https:\/\/vita-l.com\/tr\/?p=157\">\u00c7e\u015fitlilik ve Kapsay\u0131c\u0131l\u0131k Empati E\u011fitimi<\/a><\/h4>\n\t\t\t<div class=\"sc_services_item_subtitle\"><\/div>\n\t\t<\/div>\n\t\t\t\t\t<div class=\"sc_services_item_content\"><p>Farkl\u0131 kimliklere b\u00fcr\u00fcnmeye dayal\u0131 immersive senaryolarla empatiyi art\u0131ran ve kapsay\u0131c\u0131 ileti\u015fim becerilerini geli\u015ftiren e\u011fitim deneyimi.<\/p>\n<\/div>\n\t\t\t<div class=\"sc_services_item_button sc_item_button\"><a href=\"https:\/\/vita-l.com\/tr\/?p=157\" class=\"sc_button sc_button_simple\">Learn more<\/a><\/div>\n\t\t\t<\/div>\n<\/div>\n<\/div><\/div><\/div><!-- \/.sc_services -->[\/vc_column][\/vc_row][vc_row][vc_column][\/vc_column][\/vc_row][vc_row][vc_column]<div id=\"sc_services_541623820\" class=\"sc_services color_style_default sc_services_light sc_services_featured_top\"><h6 class=\"sc_item_subtitle sc_services_subtitle sc_align_left sc_item_title_style_default\">\u00c7\u00f6z\u00fcmler<\/h6><h3 class=\"sc_item_title sc_services_title sc_align_left sc_item_title_style_default\">Fark Yaratan \u00c7\u00f6z\u00fcmler<\/h3><div class=\"sc_services_columns sc_item_columns sc_item_columns_5 trx_addons_columns_wrap columns_padding_bottom\"><div class=\"trx_addons_column-1_5\"><div class=\"sc_services_item with_content with_image sc_services_item_featured_top\">\n\t<div class=\"post_featured with_thumb hover_dots sc_services_item_thumb\"><img loading=\"lazy\" decoding=\"async\" width=\"500\" height=\"474\" src=\"https:\/\/vita-l.com\/tr\/wp-content\/uploads\/2025\/05\/Icon-Diversity-500x474.png\" class=\"attachment-weedles-thumb-med size-weedles-thumb-med wp-post-image\" alt=\"Uluslararas\u0131 \u00d6l\u00e7ek\" \/><div class=\"mask\"><\/div><a href=\"https:\/\/vita-l.com\/tr\/?cpt_services=uluslararasi-olcek\" aria-hidden=\"true\" class=\"icons\"><span><\/span><span><\/span><span><\/span><\/a><\/div>\t\n\t<div class=\"sc_services_item_info\">\n\t\t<div class=\"sc_services_item_header\">\n\t\t\t\t\t\t<h6 class=\"sc_services_item_title\"><a href=\"https:\/\/vita-l.com\/tr\/?cpt_services=uluslararasi-olcek\">Uluslararas\u0131 \u00d6l\u00e7ek<\/a><\/h6>\n\t\t\t<div class=\"sc_services_item_subtitle\"><a href=\"https:\/\/vita-l.com\/tr\/?cpt_services_group=fark-yaratan-cozumler\" title=\"View all posts in Fark Yaratan \u00c7\u00f6z\u00fcmler\">Fark Yaratan \u00c7\u00f6z\u00fcmler<\/a><a href=\"https:\/\/vita-l.com\/tr\/?cpt_services_group=uluslararasi-olcek\" title=\"View all posts in Uluslararas\u0131 \u00d6l\u00e7ek\">, Uluslararas\u0131 \u00d6l\u00e7ek<\/a><\/div>\t\t<\/div>\n\t\t\t\t\t<div class=\"sc_services_item_content\"><p>AB ve BM kurumlar\u0131yla uyumlu, fon destekli ve k\u00fcresel pazara a\u00e7\u0131k \u00e7\u00f6z\u00fcmler.<\/p>\n<\/div>\n\t\t\t<div class=\"sc_services_item_button sc_item_button\"><a href=\"https:\/\/vita-l.com\/tr\/?cpt_services=uluslararasi-olcek\" class=\"sc_button sc_button_simple\">Learn more<\/a><\/div>\n\t\t\t<\/div>\n<\/div>\n<\/div><div class=\"trx_addons_column-1_5\"><div class=\"sc_services_item with_content with_image sc_services_item_featured_top\">\n\t<div class=\"post_featured with_thumb hover_dots sc_services_item_thumb\"><img loading=\"lazy\" decoding=\"async\" width=\"200\" height=\"200\" src=\"https:\/\/vita-l.com\/tr\/wp-content\/uploads\/2017\/05\/Ai-Icon.png\" class=\"attachment-weedles-thumb-med size-weedles-thumb-med wp-post-image\" alt=\"Yapay Zek\u00e2 Entegrasyonu\" srcset=\"https:\/\/vita-l.com\/tr\/wp-content\/uploads\/2017\/05\/Ai-Icon.png 200w, https:\/\/vita-l.com\/tr\/wp-content\/uploads\/2017\/05\/Ai-Icon-150x150.png 150w, https:\/\/vita-l.com\/tr\/wp-content\/uploads\/2017\/05\/Ai-Icon-90x90.png 90w, https:\/\/vita-l.com\/tr\/wp-content\/uploads\/2017\/05\/Ai-Icon-100x100.png 100w\" sizes=\"(max-width: 200px) 100vw, 200px\" \/><div class=\"mask\"><\/div><a href=\"https:\/\/vita-l.com\/tr\/?cpt_services=yapay-zeka-entegrasyonu\" aria-hidden=\"true\" class=\"icons\"><span><\/span><span><\/span><span><\/span><\/a><\/div>\t\n\t<div class=\"sc_services_item_info\">\n\t\t<div class=\"sc_services_item_header\">\n\t\t\t\t\t\t<h6 class=\"sc_services_item_title\"><a href=\"https:\/\/vita-l.com\/tr\/?cpt_services=yapay-zeka-entegrasyonu\">Yapay Zek\u00e2 Entegrasyonu<\/a><\/h6>\n\t\t\t<div class=\"sc_services_item_subtitle\"><a href=\"https:\/\/vita-l.com\/tr\/?cpt_services_group=fark-yaratan-cozumler\" title=\"View all posts in Fark Yaratan \u00c7\u00f6z\u00fcmler\">Fark Yaratan \u00c7\u00f6z\u00fcmler<\/a><a href=\"https:\/\/vita-l.com\/tr\/?cpt_services_group=yapay-zeka-entegrasyonu\" title=\"View all posts in Yapay Zek\u00e2 Entegrasyonu\">, Yapay Zek\u00e2 Entegrasyonu<\/a><\/div>\t\t<\/div>\n\t\t\t\t\t<div class=\"sc_services_item_content\"><p>AI destekli geri bildirim, ileti\u015fim analizi ve karar sim\u00fclasyonu.<\/p>\n<\/div>\n\t\t\t<div class=\"sc_services_item_button sc_item_button\"><a href=\"https:\/\/vita-l.com\/tr\/?cpt_services=yapay-zeka-entegrasyonu\" class=\"sc_button sc_button_simple\">Learn more<\/a><\/div>\n\t\t\t<\/div>\n<\/div>\n<\/div><div class=\"trx_addons_column-1_5\"><div class=\"sc_services_item with_content with_image sc_services_item_featured_top\">\n\t<div class=\"post_featured with_thumb hover_dots sc_services_item_thumb\"><img loading=\"lazy\" decoding=\"async\" width=\"500\" height=\"474\" src=\"https:\/\/vita-l.com\/tr\/wp-content\/uploads\/2025\/05\/Icon-Accessible-Flexible-Learning-500x474.png\" class=\"attachment-weedles-thumb-med size-weedles-thumb-med wp-post-image\" alt=\"Eri\u015filebilir E\u011fitim\" \/><div class=\"mask\"><\/div><a href=\"https:\/\/vita-l.com\/tr\/?cpt_services=erisilebilir-egitim\" aria-hidden=\"true\" class=\"icons\"><span><\/span><span><\/span><span><\/span><\/a><\/div>\t\n\t<div class=\"sc_services_item_info\">\n\t\t<div class=\"sc_services_item_header\">\n\t\t\t\t\t\t<h6 class=\"sc_services_item_title\"><a href=\"https:\/\/vita-l.com\/tr\/?cpt_services=erisilebilir-egitim\">Eri\u015filebilir E\u011fitim<\/a><\/h6>\n\t\t\t<div class=\"sc_services_item_subtitle\"><a href=\"https:\/\/vita-l.com\/tr\/?cpt_services_group=erisilebilir-egitim\" title=\"View all posts in Eri\u015filebilir E\u011fitim\">Eri\u015filebilir E\u011fitim<\/a><a href=\"https:\/\/vita-l.com\/tr\/?cpt_services_group=fark-yaratan-cozumler\" title=\"View all posts in Fark Yaratan \u00c7\u00f6z\u00fcmler\">, Fark Yaratan \u00c7\u00f6z\u00fcmler<\/a><\/div>\t\t<\/div>\n\t\t\t\t\t<div class=\"sc_services_item_content\"><p>VR g\u00f6zl\u00fcklerin yan\u0131 s\u0131ra web, masa\u00fcst\u00fc ve mobil eri\u015fim se\u00e7enekleri.<\/p>\n<\/div>\n\t\t\t<div class=\"sc_services_item_button sc_item_button\"><a href=\"https:\/\/vita-l.com\/tr\/?cpt_services=erisilebilir-egitim\" class=\"sc_button sc_button_simple\">Learn more<\/a><\/div>\n\t\t\t<\/div>\n<\/div>\n<\/div><div class=\"trx_addons_column-1_5\"><div class=\"sc_services_item with_content with_image sc_services_item_featured_top\">\n\t<div class=\"post_featured with_thumb hover_dots sc_services_item_thumb\"><img loading=\"lazy\" decoding=\"async\" width=\"500\" height=\"474\" src=\"https:\/\/vita-l.com\/tr\/wp-content\/uploads\/2025\/05\/Icon-Highly-Realistic-Environments-500x474.png\" class=\"attachment-weedles-thumb-med size-weedles-thumb-med wp-post-image\" alt=\"Ger\u00e7ek\u00e7i Ortamlar\" \/><div class=\"mask\"><\/div><a href=\"https:\/\/vita-l.com\/tr\/?cpt_services=gercekci-ortamlar\" aria-hidden=\"true\" class=\"icons\"><span><\/span><span><\/span><span><\/span><\/a><\/div>\t\n\t<div class=\"sc_services_item_info\">\n\t\t<div class=\"sc_services_item_header\">\n\t\t\t\t\t\t<h6 class=\"sc_services_item_title\"><a href=\"https:\/\/vita-l.com\/tr\/?cpt_services=gercekci-ortamlar\">Ger\u00e7ek\u00e7i Ortamlar<\/a><\/h6>\n\t\t\t<div class=\"sc_services_item_subtitle\"><a href=\"https:\/\/vita-l.com\/tr\/?cpt_services_group=fark-yaratan-cozumler\" title=\"View all posts in Fark Yaratan \u00c7\u00f6z\u00fcmler\">Fark Yaratan \u00c7\u00f6z\u00fcmler<\/a><a href=\"https:\/\/vita-l.com\/tr\/?cpt_services_group=gercekci-ortamlar\" title=\"View all posts in Ger\u00e7ek\u00e7i Ortamlar\">, Ger\u00e7ek\u00e7i Ortamlar<\/a><\/div>\t\t<\/div>\n\t\t\t\t\t<div class=\"sc_services_item_content\"><p>Dijital ikizler, volumetrik video ve 3D ortam tasar\u0131mlar\u0131yla \u00f6l\u00e7\u00fclebilir etkile\u015fim.<\/p>\n<\/div>\n\t\t\t<div class=\"sc_services_item_button sc_item_button\"><a href=\"https:\/\/vita-l.com\/tr\/?cpt_services=gercekci-ortamlar\" class=\"sc_button sc_button_simple\">Learn more<\/a><\/div>\n\t\t\t<\/div>\n<\/div>\n<\/div><div class=\"trx_addons_column-1_5\"><div class=\"sc_services_item with_content with_image sc_services_item_featured_top\">\n\t<div class=\"post_featured with_thumb hover_dots sc_services_item_thumb\"><img loading=\"lazy\" decoding=\"async\" width=\"500\" height=\"474\" src=\"https:\/\/vita-l.com\/tr\/wp-content\/uploads\/2025\/05\/Icon-Immersive-Real-World-Simulations-500x474.png\" class=\"attachment-weedles-thumb-med size-weedles-thumb-med wp-post-image\" alt=\"Politika Sim\u00fclasyonlar\u0131\" \/><div class=\"mask\"><\/div><a href=\"https:\/\/vita-l.com\/tr\/?cpt_services=politika-simulasyonlari\" aria-hidden=\"true\" class=\"icons\"><span><\/span><span><\/span><span><\/span><\/a><\/div>\t\n\t<div class=\"sc_services_item_info\">\n\t\t<div class=\"sc_services_item_header\">\n\t\t\t\t\t\t<h6 class=\"sc_services_item_title\"><a href=\"https:\/\/vita-l.com\/tr\/?cpt_services=politika-simulasyonlari\">Politika Sim\u00fclasyonlar\u0131<\/a><\/h6>\n\t\t\t<div class=\"sc_services_item_subtitle\"><a href=\"https:\/\/vita-l.com\/tr\/?cpt_services_group=fark-yaratan-cozumler\" title=\"View all posts in Fark Yaratan \u00c7\u00f6z\u00fcmler\">Fark Yaratan \u00c7\u00f6z\u00fcmler<\/a><a href=\"https:\/\/vita-l.com\/tr\/?cpt_services_group=politika-simulasyonlari\" title=\"View all posts in Politika Sim\u00fclasyonlar\u0131\">, Politika Sim\u00fclasyonlar\u0131<\/a><\/div>\t\t<\/div>\n\t\t\t\t\t<div class=\"sc_services_item_content\"><p>Diplomasi, kriz y\u00f6netimi, etik ve toplumsal kat\u0131l\u0131m senaryolar\u0131nda immersive deneyimler.<\/p>\n<\/div>\n\t\t\t<div class=\"sc_services_item_button sc_item_button\"><a href=\"https:\/\/vita-l.com\/tr\/?cpt_services=politika-simulasyonlari\" class=\"sc_button sc_button_simple\">Learn more<\/a><\/div>\n\t\t\t<\/div>\n<\/div>\n<\/div><\/div><\/div><!-- \/.sc_services -->[\/vc_column][\/vc_row]<\/p>\n<\/div>","protected":false},"excerpt":{"rendered":"<p>[vc_row][vc_column][vc_column_text css=&#8221;&#8221;] Projelerimiz VITA Lab olarak, politika ve e\u011fitim alan\u0131nda immersive teknolojiler ve yapay zek\u00e2 destekli \u00e7\u00f6z\u00fcmler geli\u015ftiriyoruz. Y\u00fcr\u00fctt\u00fc\u011f\u00fcm\u00fcz projeler; diplomasi, kriz y\u00f6netimi, etik, toplumsal kat\u0131l\u0131m ve k\u00fclt\u00fcrel miras gibi farkl\u0131 alanlarda kurumlara yenilik\u00e7i deneyimler sunuyor. Bu sayfada, hem tamamlanan projelerimizi hem de \u00fczerinde \u00e7al\u0131\u015fmaya devam etti\u011fimiz g\u00fcncel projelerimizi bulabilirsiniz. Her biri, teknoloji ile politikay\u0131 bulu\u015fturma vizyonumuzun somut birer yans\u0131mas\u0131d\u0131r.&hellip;<\/p>\n","protected":false},"author":1,"featured_media":0,"parent":0,"menu_order":0,"comment_status":"closed","ping_status":"closed","template":"","meta":{"footnotes":""},"class_list":["post-233","page","type-page","status-publish","hentry"],"_links":{"self":[{"href":"https:\/\/vita-l.com\/tr\/index.php?rest_route=\/wp\/v2\/pages\/233","targetHints":{"allow":["GET"]}}],"collection":[{"href":"https:\/\/vita-l.com\/tr\/index.php?rest_route=\/wp\/v2\/pages"}],"about":[{"href":"https:\/\/vita-l.com\/tr\/index.php?rest_route=\/wp\/v2\/types\/page"}],"author":[{"embeddable":true,"href":"https:\/\/vita-l.com\/tr\/index.php?rest_route=\/wp\/v2\/users\/1"}],"replies":[{"embeddable":true,"href":"https:\/\/vita-l.com\/tr\/index.php?rest_route=%2Fwp%2Fv2%2Fcomments&post=233"}],"version-history":[{"count":18,"href":"https:\/\/vita-l.com\/tr\/index.php?rest_route=\/wp\/v2\/pages\/233\/revisions"}],"predecessor-version":[{"id":1180,"href":"https:\/\/vita-l.com\/tr\/index.php?rest_route=\/wp\/v2\/pages\/233\/revisions\/1180"}],"wp:attachment":[{"href":"https:\/\/vita-l.com\/tr\/index.php?rest_route=%2Fwp%2Fv2%2Fmedia&parent=233"}],"curies":[{"name":"wp","href":"https:\/\/api.w.org\/{rel}","templated":true}]}}