{"id":1246,"date":"2026-01-20T13:14:44","date_gmt":"2026-01-20T13:14:44","guid":{"rendered":"https:\/\/www.vita-l.com\/?page_id=1246"},"modified":"2026-01-20T13:14:44","modified_gmt":"2026-01-20T13:14:44","slug":"ne-yapiyoruz","status":"publish","type":"page","link":"https:\/\/vita-l.com\/tr\/?page_id=1246","title":{"rendered":"Ne Yap\u0131yoruz"},"content":{"rendered":"\n<p>VITA PolicyLab, politika, e\u011fitim ve ileti\u015fim alanlar\u0131nda <strong>AI ve immersive teknolojilerle g\u00fc\u00e7lendirilmi\u015f<\/strong> \u00e7\u00f6z\u00fcmler tasarlar ve uygular.<\/p>\n\n\n\n<p>Ba\u015fl\u0131ca faaliyetlerimiz:<\/p>\n\n\n\n<ul class=\"wp-block-list\">\n<li>Dijital ikiz, immersive sergi ve sanal prod\u00fcksiyon \u00e7\u00f6z\u00fcmleri<\/li>\n\n\n\n<li>Diplomasi, kriz y\u00f6netimi, m\u00fczakere ve y\u00f6neti\u015fim i\u00e7in <strong>VR\/AR tabanl\u0131 e\u011fitim ve sim\u00fclasyonlar<\/strong><\/li>\n\n\n\n<li>\u00c7e\u015fitlilik, kapsay\u0131c\u0131l\u0131k, etik ve dezenformasyonla m\u00fccadele alanlar\u0131nda <strong>empati ve karar alma odakl\u0131 e\u011fitim mod\u00fclleri<\/strong><\/li>\n\n\n\n<li>Politika test ortamlar\u0131 (Policy Sandbox) ve senaryo tabanl\u0131 analizler<\/li>\n\n\n\n<li>AI destekli geri bildirim, \u00f6l\u00e7me ve de\u011ferlendirme sistemleri<\/li>\n\n\n\n<li>Kurumlara \u00f6zel dan\u0131\u015fmanl\u0131k, at\u00f6lye ve sertifikal\u0131 e\u011fitim programlar\u0131<\/li>\n<\/ul>\n","protected":false},"excerpt":{"rendered":"<p>VITA PolicyLab, politika, e\u011fitim ve ileti\u015fim alanlar\u0131nda AI ve immersive teknolojilerle g\u00fc\u00e7lendirilmi\u015f \u00e7\u00f6z\u00fcmler tasarlar ve uygular. Ba\u015fl\u0131ca faaliyetlerimiz:<\/p>\n","protected":false},"author":1,"featured_media":0,"parent":0,"menu_order":0,"comment_status":"closed","ping_status":"closed","template":"","meta":{"footnotes":""},"class_list":["post-1246","page","type-page","status-publish","hentry"],"_links":{"self":[{"href":"https:\/\/vita-l.com\/tr\/index.php?rest_route=\/wp\/v2\/pages\/1246","targetHints":{"allow":["GET"]}}],"collection":[{"href":"https:\/\/vita-l.com\/tr\/index.php?rest_route=\/wp\/v2\/pages"}],"about":[{"href":"https:\/\/vita-l.com\/tr\/index.php?rest_route=\/wp\/v2\/types\/page"}],"author":[{"embeddable":true,"href":"https:\/\/vita-l.com\/tr\/index.php?rest_route=\/wp\/v2\/users\/1"}],"replies":[{"embeddable":true,"href":"https:\/\/vita-l.com\/tr\/index.php?rest_route=%2Fwp%2Fv2%2Fcomments&post=1246"}],"version-history":[{"count":1,"href":"https:\/\/vita-l.com\/tr\/index.php?rest_route=\/wp\/v2\/pages\/1246\/revisions"}],"predecessor-version":[{"id":1247,"href":"https:\/\/vita-l.com\/tr\/index.php?rest_route=\/wp\/v2\/pages\/1246\/revisions\/1247"}],"wp:attachment":[{"href":"https:\/\/vita-l.com\/tr\/index.php?rest_route=%2Fwp%2Fv2%2Fmedia&parent=1246"}],"curies":[{"name":"wp","href":"https:\/\/api.w.org\/{rel}","templated":true}]}}