{"id":1223,"date":"2026-01-14T11:27:40","date_gmt":"2026-01-14T11:27:40","guid":{"rendered":"https:\/\/www.vita-l.com\/?page_id=1223"},"modified":"2026-01-21T09:31:36","modified_gmt":"2026-01-21T09:31:36","slug":"hizmetlerimiz","status":"publish","type":"page","link":"https:\/\/vita-l.com\/tr\/?page_id=1223","title":{"rendered":"Hizmetlerimiz"},"content":{"rendered":"<div class=\"wpb-content-wrapper\"><p>[vc_row][vc_column][vc_column_text css=&#8221;&#8221;]VITA PolicyLab, kurumlar\u0131n karar al\u0131c\u0131lar\u0131n\u0131 g\u00fc\u00e7lendirmesine, politikalar\u0131 test etmesine ve y\u00f6neti\u015fim kapasitesini art\u0131rmas\u0131na y\u00f6nelik <strong>AI ve immersive teknolojilerle desteklenmi\u015f<\/strong> hizmetler sunar.[\/vc_column_text]<div id=\"sc_services_769704314\" class=\"sc_services color_style_default sc_services_light sc_services_featured_top\"><div class=\"sc_services_content sc_item_content sc_item_columns_1\"><div class=\"sc_services_item with_content with_image sc_services_item_featured_top\">\n\t<div class=\"post_featured with_thumb hover_dots sc_services_item_thumb\"><img fetchpriority=\"high\" decoding=\"async\" width=\"500\" height=\"500\" src=\"https:\/\/vita-l.com\/tr\/wp-content\/uploads\/2025\/05\/Icon-Policy-Like.png\" class=\"attachment-weedles-thumb-big size-weedles-thumb-big wp-post-image\" alt=\"Immersive E\u011fitim Programlar\u0131\" srcset=\"https:\/\/vita-l.com\/tr\/wp-content\/uploads\/2025\/05\/Icon-Policy-Like.png 500w, https:\/\/vita-l.com\/tr\/wp-content\/uploads\/2025\/05\/Icon-Policy-Like-300x300.png 300w, https:\/\/vita-l.com\/tr\/wp-content\/uploads\/2025\/05\/Icon-Policy-Like-150x150.png 150w, https:\/\/vita-l.com\/tr\/wp-content\/uploads\/2025\/05\/Icon-Policy-Like-370x370.png 370w, https:\/\/vita-l.com\/tr\/wp-content\/uploads\/2025\/05\/Icon-Policy-Like-90x90.png 90w\" sizes=\"(max-width: 500px) 100vw, 500px\" \/><div class=\"mask\"><\/div><a href=\"https:\/\/vita-l.com\/tr\/?p=1225\" aria-hidden=\"true\" class=\"icons\"><span><\/span><span><\/span><span><\/span><\/a><\/div>\t\n\t<div class=\"sc_services_item_info\">\n\t\t<div class=\"sc_services_item_header\">\n\t\t\t\t\t\t<h6 class=\"sc_services_item_title\"><a href=\"https:\/\/vita-l.com\/tr\/?p=1225\">Immersive E\u011fitim Programlar\u0131<\/a><\/h6>\n\t\t\t<div class=\"sc_services_item_subtitle\"><\/div>\t\t<\/div>\n\t\t\t\t\t<div class=\"sc_services_item_content\"><p>Diplomasi, kriz y\u00f6netimi, m\u00fczakere, y\u00f6neti\u015fim, etik ve uyum alanlar\u0131nda; yapay zek\u00e2 destekli geri bildirim ve performans \u00f6l\u00e7\u00fcm\u00fc i\u00e7eren VR\/AR\/XR tabanl\u0131 e\u011fitim mod\u00fclleri tasarlar\u0131z.<\/p>\n<\/div>\n\t\t\t<div class=\"sc_services_item_button sc_item_button\"><a href=\"https:\/\/vita-l.com\/tr\/?p=1225\" class=\"sc_button sc_button_simple\">Learn more<\/a><\/div>\n\t\t\t<\/div>\n<\/div>\n<div class=\"sc_services_item with_content with_image sc_services_item_featured_top\">\n\t<div class=\"post_featured with_thumb hover_dots sc_services_item_thumb\"><img decoding=\"async\" width=\"500\" height=\"500\" src=\"https:\/\/vita-l.com\/tr\/wp-content\/uploads\/2025\/05\/Icon-Digital-Twins.png\" class=\"attachment-weedles-thumb-big size-weedles-thumb-big wp-post-image\" alt=\"Dijital \u0130kizler &amp; Immersive Prod\u00fcksiyon\" srcset=\"https:\/\/vita-l.com\/tr\/wp-content\/uploads\/2025\/05\/Icon-Digital-Twins.png 500w, https:\/\/vita-l.com\/tr\/wp-content\/uploads\/2025\/05\/Icon-Digital-Twins-300x300.png 300w, https:\/\/vita-l.com\/tr\/wp-content\/uploads\/2025\/05\/Icon-Digital-Twins-150x150.png 150w, https:\/\/vita-l.com\/tr\/wp-content\/uploads\/2025\/05\/Icon-Digital-Twins-370x370.png 370w, https:\/\/vita-l.com\/tr\/wp-content\/uploads\/2025\/05\/Icon-Digital-Twins-90x90.png 90w\" sizes=\"(max-width: 500px) 100vw, 500px\" \/><div class=\"mask\"><\/div><a href=\"https:\/\/vita-l.com\/tr\/?p=1228\" aria-hidden=\"true\" class=\"icons\"><span><\/span><span><\/span><span><\/span><\/a><\/div>\t\n\t<div class=\"sc_services_item_info\">\n\t\t<div class=\"sc_services_item_header\">\n\t\t\t\t\t\t<h6 class=\"sc_services_item_title\"><a href=\"https:\/\/vita-l.com\/tr\/?p=1228\">Dijital \u0130kizler &amp; Immersive Prod\u00fcksiyon<\/a><\/h6>\n\t\t\t<div class=\"sc_services_item_subtitle\"><\/div>\t\t<\/div>\n\t\t\t\t\t<div class=\"sc_services_item_content\"><p>E\u011fitim, ileti\u015fim ve k\u00fclt\u00fcrel miras alanlar\u0131nda kullan\u0131lmak \u00fczere dijital ikizler, sanal sergiler, immersive mek\u00e2nlar ve AI destekli prod\u00fcksiyonlar \u00fcretiriz.<\/p>\n<\/div>\n\t\t\t<div class=\"sc_services_item_button sc_item_button\"><a href=\"https:\/\/vita-l.com\/tr\/?p=1228\" class=\"sc_button sc_button_simple\">Learn more<\/a><\/div>\n\t\t\t<\/div>\n<\/div>\n<div class=\"sc_services_item with_content with_image sc_services_item_featured_top\">\n\t<div class=\"post_featured with_thumb hover_dots sc_services_item_thumb\"><img decoding=\"async\" width=\"500\" height=\"500\" src=\"https:\/\/vita-l.com\/tr\/wp-content\/uploads\/2025\/05\/Icon-int500.png\" class=\"attachment-weedles-thumb-big size-weedles-thumb-big wp-post-image\" alt=\"Policy Sandbox &amp; Senaryo Sim\u00fclasyonlar\u0131\" srcset=\"https:\/\/vita-l.com\/tr\/wp-content\/uploads\/2025\/05\/Icon-int500.png 500w, https:\/\/vita-l.com\/tr\/wp-content\/uploads\/2025\/05\/Icon-int500-300x300.png 300w, https:\/\/vita-l.com\/tr\/wp-content\/uploads\/2025\/05\/Icon-int500-150x150.png 150w, https:\/\/vita-l.com\/tr\/wp-content\/uploads\/2025\/05\/Icon-int500-370x370.png 370w, https:\/\/vita-l.com\/tr\/wp-content\/uploads\/2025\/05\/Icon-int500-90x90.png 90w\" sizes=\"(max-width: 500px) 100vw, 500px\" \/><div class=\"mask\"><\/div><a href=\"https:\/\/vita-l.com\/tr\/?p=1230\" aria-hidden=\"true\" class=\"icons\"><span><\/span><span><\/span><span><\/span><\/a><\/div>\t\n\t<div class=\"sc_services_item_info\">\n\t\t<div class=\"sc_services_item_header\">\n\t\t\t\t\t\t<h6 class=\"sc_services_item_title\"><a href=\"https:\/\/vita-l.com\/tr\/?p=1230\">Policy Sandbox &amp; Senaryo Sim\u00fclasyonlar\u0131<\/a><\/h6>\n\t\t\t<div class=\"sc_services_item_subtitle\"><\/div>\t\t<\/div>\n\t\t\t\t\t<div class=\"sc_services_item_content\"><p>Politikalar\u0131n ger\u00e7ek hayata ge\u00e7meden \u00f6nce g\u00fcvenli, deneysel ortamlarda test edilmesini sa\u011flayan senaryo ve sim\u00fclasyon altyap\u0131lar\u0131 geli\u015ftiririz.<\/p>\n<\/div>\n\t\t\t<div class=\"sc_services_item_button sc_item_button\"><a href=\"https:\/\/vita-l.com\/tr\/?p=1230\" class=\"sc_button sc_button_simple\">Learn more<\/a><\/div>\n\t\t\t<\/div>\n<\/div>\n<div class=\"sc_services_item with_content with_image sc_services_item_featured_top\">\n\t<div class=\"post_featured with_thumb hover_dots sc_services_item_thumb\"><img loading=\"lazy\" decoding=\"async\" width=\"500\" height=\"500\" src=\"https:\/\/vita-l.com\/tr\/wp-content\/uploads\/2025\/05\/Icon-Diversity.png\" class=\"attachment-weedles-thumb-big size-weedles-thumb-big wp-post-image\" alt=\"\u00c7e\u015fitlilik, Kapsay\u0131c\u0131l\u0131k &amp; Empati E\u011fitimi\" srcset=\"https:\/\/vita-l.com\/tr\/wp-content\/uploads\/2025\/05\/Icon-Diversity.png 500w, https:\/\/vita-l.com\/tr\/wp-content\/uploads\/2025\/05\/Icon-Diversity-300x300.png 300w, https:\/\/vita-l.com\/tr\/wp-content\/uploads\/2025\/05\/Icon-Diversity-150x150.png 150w, https:\/\/vita-l.com\/tr\/wp-content\/uploads\/2025\/05\/Icon-Diversity-370x370.png 370w, https:\/\/vita-l.com\/tr\/wp-content\/uploads\/2025\/05\/Icon-Diversity-90x90.png 90w\" sizes=\"(max-width: 500px) 100vw, 500px\" \/><div class=\"mask\"><\/div><a href=\"https:\/\/vita-l.com\/tr\/?p=1232\" aria-hidden=\"true\" class=\"icons\"><span><\/span><span><\/span><span><\/span><\/a><\/div>\t\n\t<div class=\"sc_services_item_info\">\n\t\t<div class=\"sc_services_item_header\">\n\t\t\t\t\t\t<h6 class=\"sc_services_item_title\"><a href=\"https:\/\/vita-l.com\/tr\/?p=1232\">\u00c7e\u015fitlilik, Kapsay\u0131c\u0131l\u0131k &amp; Empati E\u011fitimi<\/a><\/h6>\n\t\t\t<div class=\"sc_services_item_subtitle\"><\/div>\t\t<\/div>\n\t\t\t\t\t<div class=\"sc_services_item_content\"><p>Immersive hik\u00e2ye anlat\u0131m\u0131 ve sim\u00fclasyonlar yoluyla kapsay\u0131c\u0131 bak\u0131\u015f a\u00e7\u0131s\u0131, etik fark\u0131ndal\u0131k ve empati odakl\u0131 karar alma becerilerini g\u00fc\u00e7lendiren programlar sunar\u0131z.<\/p>\n<\/div>\n\t\t\t<div class=\"sc_services_item_button sc_item_button\"><a href=\"https:\/\/vita-l.com\/tr\/?p=1232\" class=\"sc_button sc_button_simple\">Learn more<\/a><\/div>\n\t\t\t<\/div>\n<\/div>\n<div class=\"sc_services_item with_content with_image sc_services_item_featured_top\">\n\t<div class=\"post_featured with_thumb hover_dots sc_services_item_thumb\"><img loading=\"lazy\" decoding=\"async\" width=\"500\" height=\"500\" src=\"https:\/\/vita-l.com\/tr\/wp-content\/uploads\/2025\/05\/icon-Misinformation.png\" class=\"attachment-weedles-thumb-big size-weedles-thumb-big wp-post-image\" alt=\"Yanl\u0131\u015f Bilgi ve Dezenformasyona Kar\u015f\u0131 Dayan\u0131kl\u0131l\u0131k\" srcset=\"https:\/\/vita-l.com\/tr\/wp-content\/uploads\/2025\/05\/icon-Misinformation.png 500w, https:\/\/vita-l.com\/tr\/wp-content\/uploads\/2025\/05\/icon-Misinformation-300x300.png 300w, https:\/\/vita-l.com\/tr\/wp-content\/uploads\/2025\/05\/icon-Misinformation-150x150.png 150w, https:\/\/vita-l.com\/tr\/wp-content\/uploads\/2025\/05\/icon-Misinformation-370x370.png 370w, https:\/\/vita-l.com\/tr\/wp-content\/uploads\/2025\/05\/icon-Misinformation-90x90.png 90w\" sizes=\"(max-width: 500px) 100vw, 500px\" \/><div class=\"mask\"><\/div><a href=\"https:\/\/vita-l.com\/tr\/?p=1234\" aria-hidden=\"true\" class=\"icons\"><span><\/span><span><\/span><span><\/span><\/a><\/div>\t\n\t<div class=\"sc_services_item_info\">\n\t\t<div class=\"sc_services_item_header\">\n\t\t\t\t\t\t<h6 class=\"sc_services_item_title\"><a href=\"https:\/\/vita-l.com\/tr\/?p=1234\">Yanl\u0131\u015f Bilgi ve Dezenformasyona Kar\u015f\u0131 Dayan\u0131kl\u0131l\u0131k<\/a><\/h6>\n\t\t\t<div class=\"sc_services_item_subtitle\"><\/div>\t\t<\/div>\n\t\t\t\t\t<div class=\"sc_services_item_content\"><p>Yanl\u0131\u015f bilgiyle m\u00fccadelede kurumsal ve bireysel dayan\u0131kl\u0131l\u0131\u011f\u0131 art\u0131ran, ele\u015ftirel d\u00fc\u015f\u00fcnme ve medya okuryazarl\u0131\u011f\u0131n\u0131 merkeze alan e\u011fitim \u00e7\u00f6z\u00fcmleri geli\u015ftiririz.<\/p>\n<\/div>\n\t\t\t<div class=\"sc_services_item_button sc_item_button\"><a href=\"https:\/\/vita-l.com\/tr\/?p=1234\" class=\"sc_button sc_button_simple\">Learn more<\/a><\/div>\n\t\t\t<\/div>\n<\/div>\n<div class=\"sc_services_item with_content with_image sc_services_item_featured_top\">\n\t<div class=\"post_featured with_thumb hover_dots sc_services_item_thumb\"><img loading=\"lazy\" decoding=\"async\" width=\"500\" height=\"500\" src=\"https:\/\/vita-l.com\/tr\/wp-content\/uploads\/2025\/05\/Icon-Research.png\" class=\"attachment-weedles-thumb-big size-weedles-thumb-big wp-post-image\" alt=\"Ara\u015ft\u0131rma, Dan\u0131\u015fmanl\u0131k &amp; Kapasite Geli\u015ftirme\" srcset=\"https:\/\/vita-l.com\/tr\/wp-content\/uploads\/2025\/05\/Icon-Research.png 500w, https:\/\/vita-l.com\/tr\/wp-content\/uploads\/2025\/05\/Icon-Research-300x300.png 300w, https:\/\/vita-l.com\/tr\/wp-content\/uploads\/2025\/05\/Icon-Research-150x150.png 150w, https:\/\/vita-l.com\/tr\/wp-content\/uploads\/2025\/05\/Icon-Research-370x370.png 370w, https:\/\/vita-l.com\/tr\/wp-content\/uploads\/2025\/05\/Icon-Research-90x90.png 90w\" sizes=\"(max-width: 500px) 100vw, 500px\" \/><div class=\"mask\"><\/div><a href=\"https:\/\/vita-l.com\/tr\/?p=1236\" aria-hidden=\"true\" class=\"icons\"><span><\/span><span><\/span><span><\/span><\/a><\/div>\t\n\t<div class=\"sc_services_item_info\">\n\t\t<div class=\"sc_services_item_header\">\n\t\t\t\t\t\t<h6 class=\"sc_services_item_title\"><a href=\"https:\/\/vita-l.com\/tr\/?p=1236\">Ara\u015ft\u0131rma, Dan\u0131\u015fmanl\u0131k &amp; Kapasite Geli\u015ftirme<\/a><\/h6>\n\t\t\t<div class=\"sc_services_item_subtitle\"><\/div>\t\t<\/div>\n\t\t\t\t\t<div class=\"sc_services_item_content\"><p>Kamu kurumlar\u0131, \u00fcniversiteler, uluslararas\u0131 kurulu\u015flar ve \u00f6zel sekt\u00f6r i\u00e7in politika odakl\u0131 ara\u015ft\u0131rma, dan\u0131\u015fmanl\u0131k, at\u00f6lye ve sertifikal\u0131 e\u011fitim programlar\u0131 sunar\u0131z.<\/p>\n<\/div>\n\t\t\t<div class=\"sc_services_item_button sc_item_button\"><a href=\"https:\/\/vita-l.com\/tr\/?p=1236\" class=\"sc_button sc_button_simple\">Learn more<\/a><\/div>\n\t\t\t<\/div>\n<\/div>\n<\/div><\/div><!-- \/.sc_services -->[\/vc_column][\/vc_row]<\/p>\n<\/div>","protected":false},"excerpt":{"rendered":"<p>[vc_row][vc_column][vc_column_text css=&#8221;&#8221;]VITA PolicyLab, kurumlar\u0131n karar al\u0131c\u0131lar\u0131n\u0131 g\u00fc\u00e7lendirmesine, politikalar\u0131 test etmesine ve y\u00f6neti\u015fim kapasitesini art\u0131rmas\u0131na y\u00f6nelik AI ve immersive teknolojilerle desteklenmi\u015f hizmetler sunar.[\/vc_column_text][\/vc_column][\/vc_row]<\/p>\n","protected":false},"author":1,"featured_media":0,"parent":0,"menu_order":0,"comment_status":"closed","ping_status":"closed","template":"","meta":{"footnotes":""},"class_list":["post-1223","page","type-page","status-publish","hentry"],"_links":{"self":[{"href":"https:\/\/vita-l.com\/tr\/index.php?rest_route=\/wp\/v2\/pages\/1223","targetHints":{"allow":["GET"]}}],"collection":[{"href":"https:\/\/vita-l.com\/tr\/index.php?rest_route=\/wp\/v2\/pages"}],"about":[{"href":"https:\/\/vita-l.com\/tr\/index.php?rest_route=\/wp\/v2\/types\/page"}],"author":[{"embeddable":true,"href":"https:\/\/vita-l.com\/tr\/index.php?rest_route=\/wp\/v2\/users\/1"}],"replies":[{"embeddable":true,"href":"https:\/\/vita-l.com\/tr\/index.php?rest_route=%2Fwp%2Fv2%2Fcomments&post=1223"}],"version-history":[{"count":5,"href":"https:\/\/vita-l.com\/tr\/index.php?rest_route=\/wp\/v2\/pages\/1223\/revisions"}],"predecessor-version":[{"id":1263,"href":"https:\/\/vita-l.com\/tr\/index.php?rest_route=\/wp\/v2\/pages\/1223\/revisions\/1263"}],"wp:attachment":[{"href":"https:\/\/vita-l.com\/tr\/index.php?rest_route=%2Fwp%2Fv2%2Fmedia&parent=1223"}],"curies":[{"name":"wp","href":"https:\/\/api.w.org\/{rel}","templated":true}]}}