{"id":1214,"date":"2026-01-14T11:08:57","date_gmt":"2026-01-14T11:08:57","guid":{"rendered":"https:\/\/www.vita-l.com\/?page_id=1214"},"modified":"2026-01-14T11:12:43","modified_gmt":"2026-01-14T11:12:43","slug":"vizyon-misyon","status":"publish","type":"page","link":"https:\/\/vita-l.com\/tr\/?page_id=1214","title":{"rendered":"Vizyon Misyon"},"content":{"rendered":"<div class=\"wpb-content-wrapper\"><p>[vc_row][vc_column]<div class=\"promo-wrap\"><div  id=\"sc_promo_1128601367\"\tclass=\"sc_promo color_style_default sc_promo_default sc_promo_size_normal sc_promo_no_image\"><div class=\"sc_promo_text\" style=\"width: 100%;\">\n\t\t\t<div class=\"sc_promo_text_inner sc_content_width_100%\" style=\"\"><h3 class=\"sc_item_title sc_promo_title sc_align_left sc_item_title_style_default\">Vizyon Misyon<\/h3><div class=\"sc_item_descr sc_promo_descr sc_align_left\"><p>Vizyonumuz<br \/>\nPolitika, y\u00f6neti\u015fim ve toplumsal d\u00f6n\u00fc\u015f\u00fcm alanlar\u0131nda yapay zek\u00e2 ve immersive teknolojileri stratejik bi\u00e7imde kullanan, T\u00fcrkiye\u2019den \u00e7\u0131kan ve uluslararas\u0131 \u00f6l\u00e7ekte referans g\u00f6sterilen bir PolicyTech merkezi olarak hizmet vermek.<\/p>\n<p>Misyonumuz<br \/>\nKamu kurumlar\u0131, \u00fcniversiteler, uluslararas\u0131 kurulu\u015flar ve \u00f6zel sekt\u00f6r i\u00e7in;<br \/>\nPolitika geli\u015ftirme,<br \/>\nE\u011fitim ve kapasite art\u0131r\u0131m\u0131,<br \/>\nSim\u00fclasyon ve senaryo temelli \u00f6\u011frenme<br \/>\nalanlar\u0131nda AI ve immersive teknolojilerle g\u00fc\u00e7lendirilmi\u015f, etik, kapsay\u0131c\u0131 ve bilimsel temelli \u00e7\u00f6z\u00fcmler \u00fcretmek.<\/p>\n<\/div><div class=\"sc_promo_content sc_item_content\">[vc_empty_space hide_on_mobile=&#8221;&#8221;][vc_empty_space height=&#8221;64px&#8221; hide_on_mobile=&#8221;&#8221;]<\/div><\/div>\n\t\t<\/div><!-- \/.sc_promo_text --><\/div><div class=\"promo-shadow\"><\/div><\/div><!-- \/.sc_promo --><div class=\"promo-wrap\"><div  id=\"sc_promo_1592327088\"\tclass=\"sc_promo color_style_default sc_promo_default sc_promo_size_normal sc_promo_no_image\"><div class=\"sc_promo_text\" style=\"width: 100%;\">\n\t\t\t<div class=\"sc_promo_text_inner sc_content_width_100%\" style=\"\"><h3 class=\"sc_item_title sc_promo_title sc_align_left sc_item_title_style_default\">De\u011ferlerimiz + GEP<\/h3><div class=\"sc_item_descr sc_promo_descr sc_align_left\"><p>VITA PolicyLab olarak \u00e7al\u0131\u015fmalar\u0131m\u0131z\u0131 a\u015fa\u011f\u0131daki temel de\u011ferler \u00fczerine in\u015fa ediyoruz:<br \/>\nBilimsellik ve Kan\u0131ta Dayal\u0131 Yakla\u015f\u0131m\u2028T\u00fcm projelerimizi akademik bilgi, veri analizi ve \u00f6l\u00e7\u00fclebilir \u00e7\u0131kt\u0131lar \u00fczerine kurar\u0131z.<br \/>\nEtik ve Sorumlu Teknoloji Kullan\u0131m\u0131\u2028Yapay zek\u00e2 ve immersive teknolojileri insan haklar\u0131, \u015feffafl\u0131k ve hesap verebilirlik ilkeleri do\u011frultusunda kullan\u0131r\u0131z.<br \/>\nKapsay\u0131c\u0131l\u0131k ve E\u015fitlik (GEP)\u2028Toplumsal cinsiyet e\u015fitli\u011fi ba\u015fta olmak \u00fczere, t\u00fcm farkl\u0131l\u0131klar\u0131 g\u00f6zeten kapsay\u0131c\u0131 bir \u00e7al\u0131\u015fma k\u00fclt\u00fcr\u00fcn\u00fc benimseriz. Projelerimizde ve kurumsal yap\u0131m\u0131zda e\u015fit temsil, adil kat\u0131l\u0131m ve ayr\u0131mc\u0131l\u0131kla m\u00fccadele temel ilkelerimiz aras\u0131ndad\u0131r.<br \/>\nYenilik\u00e7ilik ve Deneyim Odakl\u0131l\u0131k\u2028\u00d6\u011frenmeyi ve politika \u00fcretimini pasif de\u011fil, deneyimlenebilir ve etkile\u015fimli hale getirmeyi hedefleriz.<br \/>\nToplumsal Etki ve S\u00fcrd\u00fcr\u00fclebilirlik\u2028\u00dcretti\u011fimiz her i\u00e7eri\u011fin ve \u00e7\u00f6z\u00fcm\u00fcn uzun vadeli toplumsal fayda yaratmas\u0131n\u0131 \u00f6nemseriz.<\/p>\n<\/div><\/div>\n\t\t<\/div><!-- \/.sc_promo_text --><\/div><div class=\"promo-shadow\"><\/div><\/div><!-- \/.sc_promo -->[\/vc_column][\/vc_row]<\/p>\n<\/div>","protected":false},"excerpt":{"rendered":"<p>[vc_row][vc_column][\/vc_column][\/vc_row]<\/p>\n","protected":false},"author":1,"featured_media":0,"parent":0,"menu_order":0,"comment_status":"closed","ping_status":"closed","template":"","meta":{"footnotes":""},"class_list":["post-1214","page","type-page","status-publish","hentry"],"_links":{"self":[{"href":"https:\/\/vita-l.com\/tr\/index.php?rest_route=\/wp\/v2\/pages\/1214","targetHints":{"allow":["GET"]}}],"collection":[{"href":"https:\/\/vita-l.com\/tr\/index.php?rest_route=\/wp\/v2\/pages"}],"about":[{"href":"https:\/\/vita-l.com\/tr\/index.php?rest_route=\/wp\/v2\/types\/page"}],"author":[{"embeddable":true,"href":"https:\/\/vita-l.com\/tr\/index.php?rest_route=\/wp\/v2\/users\/1"}],"replies":[{"embeddable":true,"href":"https:\/\/vita-l.com\/tr\/index.php?rest_route=%2Fwp%2Fv2%2Fcomments&post=1214"}],"version-history":[{"count":3,"href":"https:\/\/vita-l.com\/tr\/index.php?rest_route=\/wp\/v2\/pages\/1214\/revisions"}],"predecessor-version":[{"id":1218,"href":"https:\/\/vita-l.com\/tr\/index.php?rest_route=\/wp\/v2\/pages\/1214\/revisions\/1218"}],"wp:attachment":[{"href":"https:\/\/vita-l.com\/tr\/index.php?rest_route=%2Fwp%2Fv2%2Fmedia&parent=1214"}],"curies":[{"name":"wp","href":"https:\/\/api.w.org\/{rel}","templated":true}]}}