{"id":90,"date":"2017-05-05T14:10:44","date_gmt":"2017-05-05T14:10:44","guid":{"rendered":"https:\/\/vrlab.studio\/?page_id=90"},"modified":"2026-01-18T22:31:55","modified_gmt":"2026-01-18T22:31:55","slug":"contacts","status":"publish","type":"page","link":"https:\/\/vita-l.com\/?page_id=90","title":{"rendered":"CONTACT US"},"content":{"rendered":"<div class=\"wpb-content-wrapper\"><p>[vc_row][vc_column][vc_empty_space alter_height=&#8221;huge&#8221; hide_on_mobile=&#8221;&#8221;]<div class=\"sc_layouts sc_layouts_default sc_layouts_342\">[vc_row][vc_column icons_position=\"left\"]<div class=\"sc_layouts_item\"><div id=\"sc_title_2144568881\"\n\t\tclass=\"sc_title color_style_default sc_title_default\"><h3 class=\"sc_item_title sc_title_title sc_align_center sc_item_title_style_default\">Have questions or considering a collaboration?<\/h3><div class=\"sc_item_descr sc_title_descr sc_align_center\"><p>You can contact us to learn more about project partnerships, our services, or training solutions.<\/p>\n<\/div><div class=\"sc_layouts_item\"><div class=\"sc_item_button sc_item_button_default sc_title_button sc_align_center sc_button_wrap sc_align_center\"><a href=\"mailto:vitaactionlab@gmail.com\" id=\"sc_button_1182601225\" class=\"sc_button color_style_default sc_button_default sc_button_size_normal sc_button_icon_left\"><span class=\"sc_button_text\"><span class=\"sc_button_title\">vitaactionlab@gmail.com<\/span><\/span><!-- \/.sc_button_text --><\/a><!-- \/.sc_button --><\/div><!-- \/.sc_item_button sc_item_button_default sc_title_button sc_align_center --><\/div><\/div><!-- \/.sc_title --><\/div>[vc_empty_space alter_height=\"large\" hide_on_mobile=\"\"][\/vc_column][\/vc_row][vc_row][vc_column width=\"1\/6\" icons_position=\"left\"][\/vc_column][vc_column width=\"2\/3\" icons_position=\"left\"][\/vc_column][vc_column width=\"1\/6\" icons_position=\"left\"][\/vc_column][\/vc_row]<\/div>[vc_empty_space alter_height=&#8221;huge&#8221; hide_on_mobile=&#8221;&#8221;][\/vc_column][\/vc_row][vc_row full_width=&#8221;stretch_row_content_no_spaces&#8221; equal_height=&#8221;yes&#8221; content_placement=&#8221;middle&#8221;][vc_column width=&#8221;1\/2&#8243; css=&#8221;.vc_custom_1498736630787{margin-right: 10px !important;}&#8221;]<div id=\"sc_googlemap_1001981002_wrap\" class=\"sc_googlemap_wrap\"><div id=\"sc_googlemap_1001981002\"\n\t\t\tclass=\"sc_googlemap sc_googlemap_default\"\n\t\t\t style=\"width:100%;height:557px;\"\t\t\tdata-zoom=\"13\"\n\t\t\tdata-style=\"default\"\n\t\t\tdata-cluster-icon=\"\"\n        ><iframe\n                    src=\"https:\/\/maps.google.com\/maps?t=m&output=embed&iwloc=near&z=13&q=Ya%C5%9Far+%C3%9Cniversitesi+Sel%C3%A7uk+Ya%C5%9Far+Kamp%C3%BCs%C3%BC%2C+A%C4%9Fa%C3%A7l%C4%B1+Yol%2C+No%3A37-39+Bornova+%2F+%C4%B0ZM%C4%B0R\"\n                    scrolling=\"no\"\n                    marginheight=\"0\"\n                    marginwidth=\"0\"\n                    frameborder=\"0\"\n                    aria-label=\"\"><\/iframe><\/div><\/div><!-- \/.sc_googlemap_wrap -->[\/vc_column][vc_column width=&#8221;1\/2&#8243; scheme=&#8221;dark&#8221; css=&#8221;.vc_custom_1498736791385{margin-left: 10px !important;background-image: url(https:\/\/vita-l.com\/wp-content\/uploads\/2017\/05\/bg-15.jpg?id=340) !important;background-position: center !important;background-repeat: no-repeat !important;background-size: cover !important;}&#8221;][vc_row_inner][vc_column_inner width=&#8221;1\/12&#8243;][\/vc_column_inner][vc_column_inner width=&#8221;5\/6&#8243;][vc_column_text css=&#8221;&#8221;]<\/p>\n<p class=\"p1\"><b>Address<\/b><b><\/b><\/p>\n<p class=\"p2\">Minerva Incubation Center,<\/p>\n<p class=\"p2\">Ya\u015far University Sel\u00e7uk Ya\u015far Campus,<\/p>\n<p class=\"p2\">A\u011fa\u00e7l\u0131 Yol, No: 37\u201339,<\/p>\n<p class=\"p2\">Bornova, \u0130zmir, T\u00fcrkiye<\/p>\n<p>[\/vc_column_text][vc_empty_space alter_height=&#8221;medium&#8221; hide_on_mobile=&#8221;&#8221;][vc_column_text css=&#8221;&#8221;]<\/p>\n<h6>E-mail<\/h6>\n<p>vitaactionlab@gmail.com<\/p>\n<h6>Tel:<\/h6>\n<p>905359335822[\/vc_column_text][\/vc_column_inner][\/vc_row_inner][\/vc_column][\/vc_row][vc_row][vc_column][vc_empty_space height=&#8221;20px&#8221; alter_height=&#8221;none&#8221; hide_on_mobile=&#8221;&#8221;][\/vc_column][\/vc_row]<\/p>\n<\/div>","protected":false},"excerpt":{"rendered":"<p>[vc_row][vc_column][vc_empty_space alter_height=&#8221;huge&#8221; hide_on_mobile=&#8221;&#8221;][vc_empty_space alter_height=&#8221;huge&#8221; hide_on_mobile=&#8221;&#8221;][\/vc_column][\/vc_row][vc_row full_width=&#8221;stretch_row_content_no_spaces&#8221; equal_height=&#8221;yes&#8221; content_placement=&#8221;middle&#8221;][vc_column width=&#8221;1\/2&#8243; css=&#8221;.vc_custom_1498736630787{margin-right: 10px !important;}&#8221;][\/vc_column][vc_column width=&#8221;1\/2&#8243; scheme=&#8221;dark&#8221; css=&#8221;.vc_custom_1498736791385{margin-left: 10px !important;background-image: url(https:\/\/vita-l.com\/wp-content\/uploads\/2017\/05\/bg-15.jpg?id=340) !important;background-position: center !important;background-repeat: no-repeat !important;background-size: cover !important;}&#8221;][vc_row_inner][vc_column_inner width=&#8221;1\/12&#8243;][\/vc_column_inner][vc_column_inner width=&#8221;5\/6&#8243;][vc_column_text css=&#8221;&#8221;] Address Minerva Incubation Center, Ya\u015far University Sel\u00e7uk Ya\u015far Campus, A\u011fa\u00e7l\u0131 Yol, No: 37\u201339, Bornova, \u0130zmir, T\u00fcrkiye [\/vc_column_text][vc_empty_space alter_height=&#8221;medium&#8221; hide_on_mobile=&#8221;&#8221;][vc_column_text css=&#8221;&#8221;] E-mail vitaactionlab@gmail.com Tel: 905359335822[\/vc_column_text][\/vc_column_inner][\/vc_row_inner][\/vc_column][\/vc_row][vc_row][vc_column][vc_empty_space height=&#8221;20px&#8221; alter_height=&#8221;none&#8221; hide_on_mobile=&#8221;&#8221;][\/vc_column][\/vc_row]<\/p>\n","protected":false},"author":1,"featured_media":0,"parent":0,"menu_order":0,"comment_status":"closed","ping_status":"closed","template":"","meta":{"footnotes":""},"class_list":["post-90","page","type-page","status-publish","hentry"],"_links":{"self":[{"href":"https:\/\/vita-l.com\/index.php?rest_route=\/wp\/v2\/pages\/90","targetHints":{"allow":["GET"]}}],"collection":[{"href":"https:\/\/vita-l.com\/index.php?rest_route=\/wp\/v2\/pages"}],"about":[{"href":"https:\/\/vita-l.com\/index.php?rest_route=\/wp\/v2\/types\/page"}],"author":[{"embeddable":true,"href":"https:\/\/vita-l.com\/index.php?rest_route=\/wp\/v2\/users\/1"}],"replies":[{"embeddable":true,"href":"https:\/\/vita-l.com\/index.php?rest_route=%2Fwp%2Fv2%2Fcomments&post=90"}],"version-history":[{"count":8,"href":"https:\/\/vita-l.com\/index.php?rest_route=\/wp\/v2\/pages\/90\/revisions"}],"predecessor-version":[{"id":1289,"href":"https:\/\/vita-l.com\/index.php?rest_route=\/wp\/v2\/pages\/90\/revisions\/1289"}],"wp:attachment":[{"href":"https:\/\/vita-l.com\/index.php?rest_route=%2Fwp%2Fv2%2Fmedia&parent=90"}],"curies":[{"name":"wp","href":"https:\/\/api.w.org\/{rel}","templated":true}]}}