{"id":661,"date":"2019-10-30T14:35:26","date_gmt":"2019-10-30T14:35:26","guid":{"rendered":"https:\/\/vrlab.studio\/?page_id=661"},"modified":"2026-01-18T21:53:51","modified_gmt":"2026-01-18T21:53:51","slug":"service-plus","status":"publish","type":"page","link":"https:\/\/vita-l.com\/?page_id=661","title":{"rendered":"OUR EXPERTISE"},"content":{"rendered":"<div class=\"wpb-content-wrapper\"><p>[vc_row][vc_column icons_position=&#8221;left&#8221;][vc_empty_space height=&#8221;&#8221; alter_height=&#8221;large&#8221; hide_on_mobile=&#8221;&#8221; hide_on_desktop=&#8221;&#8221; hide_on_notebook=&#8221;&#8221; hide_on_tablet=&#8221;&#8221;]<div id=\"sc_title_747497008\"\n\t\tclass=\"sc_title color_style_default sc_title_default\"><h3 class=\"sc_item_title sc_title_title sc_align_center sc_item_title_style_default\">Our Expertise<\/h3><\/div><!-- \/.sc_title -->[vc_empty_space height=&#8221;&#8221; alter_height=&#8221;medium&#8221; hide_on_mobile=&#8221;&#8221; hide_on_desktop=&#8221;&#8221; hide_on_notebook=&#8221;&#8221; hide_on_tablet=&#8221;&#8221;][vc_column_text css=&#8221;&#8221;]VITA PolicyLab brings together policy intelligence, artificial intelligence, and immersive technologies to design <strong>experience-driven, data-informed, and scalable<\/strong> solutions. Our expertise lies at the intersection of <strong>PolicyTech, immersive learning, and responsible AI<\/strong>, enabling institutions to train, test, and transform decision-making processes.<\/p>\n<p><strong>Core Areas of Expertise<\/strong><\/p>\n<ul>\n<li><strong>AI-Driven Policy &amp; Decision Simulations<\/strong><br class=\"soft-break\" \/>Scenario-based simulations enhanced with AI-powered feedback, performance tracking, and behavioural insights.<\/li>\n<li><strong>Immersive Training &amp; Learning Design (VR\/AR\/XR)<\/strong><br class=\"soft-break\" \/>High-impact training modules for diplomacy, crisis management, negotiation, governance, and ethics.<\/li>\n<li><strong>Policy Sandbox &amp; Scenario Testing<\/strong><br class=\"soft-break\" \/>Safe, experimental environments where policies can be tested, iterated, and stress-tested before real-world implementation.<\/li>\n<li><strong>Digital Twins &amp; Virtual Production<\/strong><br class=\"soft-break\" \/>Digital replicas of spaces, processes, and heritage assets for training, planning, communication, and preservation.<\/li>\n<li><strong>Diversity, Inclusion &amp; Empathy-Based Learning<\/strong><br class=\"soft-break\" \/>Evidence-informed, immersive programmes that foster awareness, empathy, and inclusive decision-making.<\/li>\n<li><strong>Misinformation &amp; Disinformation Resilience<\/strong><br class=\"soft-break\" \/>Training solutions that strengthen critical thinking, media literacy, and institutional resilience.<\/li>\n<li><strong>Research, Measurement &amp; Impact Assessment<\/strong><br class=\"soft-break\" \/>AI-supported monitoring, evaluation, and learning (MEL) frameworks to ensure measurable outcomes.<\/li>\n<li><strong>Strategic Consulting &amp; Capacity Building<\/strong><br class=\"soft-break\" \/>Advisory services for public institutions, universities, international organisations, and the private sector.<\/li>\n<\/ul>\n<p>[\/vc_column_text]<div id=\"sc_services_122926847\" class=\"sc_services color_style_default sc_services_light sc_services_featured_top\"><div class=\"sc_services_columns sc_item_columns sc_item_columns_5 trx_addons_columns_wrap columns_padding_bottom\"><div class=\"trx_addons_column-1_5\"><div class=\"sc_services_item with_content with_image sc_services_item_featured_top\">\n\t<div class=\"post_featured with_thumb hover_dots sc_services_item_thumb\"><img fetchpriority=\"high\" decoding=\"async\" width=\"500\" height=\"474\" src=\"https:\/\/vita-l.com\/wp-content\/uploads\/2025\/05\/Icon-int500-500x474.png\" class=\"attachment-weedles-thumb-med size-weedles-thumb-med wp-post-image\" alt=\"International Reach\" \/><div class=\"mask\"><\/div><a href=\"https:\/\/vita-l.com\/?cpt_services=international-reach\" aria-hidden=\"true\" class=\"icons\"><span><\/span><span><\/span><span><\/span><\/a><\/div>\t\n\t<div class=\"sc_services_item_info\">\n\t\t<div class=\"sc_services_item_header\">\n\t\t\t\t\t\t<h6 class=\"sc_services_item_title\"><a href=\"https:\/\/vita-l.com\/?cpt_services=international-reach\">International Reach<\/a><\/h6>\n\t\t\t<div class=\"sc_services_item_subtitle\"><a href=\"https:\/\/vita-l.com\/?cpt_services_group=innovative-solutions-that-matter\" title=\"View all posts in Innovative Solutions That Matter\">Innovative Solutions That Matter<\/a><a href=\"https:\/\/vita-l.com\/?cpt_services_group=internationalreach\" title=\"View all posts in International Reach\">, International Reach<\/a><\/div>\t\t<\/div>\n\t\t\t\t\t<div class=\"sc_services_item_content\"><p>AB ve BM kurumlar\u0131yla uyumlu, fon destekli ve k\u00fcresel pazara a\u00e7\u0131k \u00e7\u00f6z\u00fcmler.<\/p>\n<\/div>\n\t\t\t<div class=\"sc_services_item_button sc_item_button\"><a href=\"https:\/\/vita-l.com\/?cpt_services=international-reach\" class=\"sc_button sc_button_simple\">Learn more<\/a><\/div>\n\t\t\t<\/div>\n<\/div>\n<\/div><div class=\"trx_addons_column-1_5\"><div class=\"sc_services_item with_content with_image sc_services_item_featured_top\">\n\t<div class=\"post_featured with_thumb hover_dots sc_services_item_thumb\"><img decoding=\"async\" width=\"200\" height=\"200\" src=\"https:\/\/vita-l.com\/wp-content\/uploads\/2017\/05\/Ai-Icon.png\" class=\"attachment-weedles-thumb-med size-weedles-thumb-med wp-post-image\" alt=\"AI-Driven Integration\" srcset=\"https:\/\/vita-l.com\/wp-content\/uploads\/2017\/05\/Ai-Icon.png 200w, https:\/\/vita-l.com\/wp-content\/uploads\/2017\/05\/Ai-Icon-150x150.png 150w, https:\/\/vita-l.com\/wp-content\/uploads\/2017\/05\/Ai-Icon-90x90.png 90w, https:\/\/vita-l.com\/wp-content\/uploads\/2017\/05\/Ai-Icon-100x100.png 100w\" sizes=\"(max-width: 200px) 100vw, 200px\" \/><div class=\"mask\"><\/div><a href=\"https:\/\/vita-l.com\/?cpt_services=ai-driven-integration\" aria-hidden=\"true\" class=\"icons\"><span><\/span><span><\/span><span><\/span><\/a><\/div>\t\n\t<div class=\"sc_services_item_info\">\n\t\t<div class=\"sc_services_item_header\">\n\t\t\t\t\t\t<h6 class=\"sc_services_item_title\"><a href=\"https:\/\/vita-l.com\/?cpt_services=ai-driven-integration\">AI-Driven Integration<\/a><\/h6>\n\t\t\t<div class=\"sc_services_item_subtitle\"><a href=\"https:\/\/vita-l.com\/?cpt_services_group=ai-driven-integration\" title=\"View all posts in AI-Driven Integration\">AI-Driven Integration<\/a><a href=\"https:\/\/vita-l.com\/?cpt_services_group=innovative-solutions-that-matter\" title=\"View all posts in Innovative Solutions That Matter\">, Innovative Solutions That Matter<\/a><\/div>\t\t<\/div>\n\t\t\t\t\t<div class=\"sc_services_item_content\"><p>AI destekli geri bildirim, ileti\u015fim analizi ve karar sim\u00fclasyonu.<\/p>\n<\/div>\n\t\t\t<div class=\"sc_services_item_button sc_item_button\"><a href=\"https:\/\/vita-l.com\/?cpt_services=ai-driven-integration\" class=\"sc_button sc_button_simple\">Learn more<\/a><\/div>\n\t\t\t<\/div>\n<\/div>\n<\/div><div class=\"trx_addons_column-1_5\"><div class=\"sc_services_item with_content with_image sc_services_item_featured_top\">\n\t<div class=\"post_featured with_thumb hover_dots sc_services_item_thumb\"><img decoding=\"async\" width=\"500\" height=\"474\" src=\"https:\/\/vita-l.com\/wp-content\/uploads\/2025\/05\/Icon-Accessible-Flexible-Learning-500x474.png\" class=\"attachment-weedles-thumb-med size-weedles-thumb-med wp-post-image\" alt=\"Accessible &#038; Flexible Learning\" \/><div class=\"mask\"><\/div><a href=\"https:\/\/vita-l.com\/?cpt_services=accessible-flexible-learning\" aria-hidden=\"true\" class=\"icons\"><span><\/span><span><\/span><span><\/span><\/a><\/div>\t\n\t<div class=\"sc_services_item_info\">\n\t\t<div class=\"sc_services_item_header\">\n\t\t\t\t\t\t<h6 class=\"sc_services_item_title\"><a href=\"https:\/\/vita-l.com\/?cpt_services=accessible-flexible-learning\">Accessible &#038; Flexible Learning<\/a><\/h6>\n\t\t\t<div class=\"sc_services_item_subtitle\"><a href=\"https:\/\/vita-l.com\/?cpt_services_group=accessible-learning\" title=\"View all posts in Accessible Learning\">Accessible Learning<\/a><a href=\"https:\/\/vita-l.com\/?cpt_services_group=innovative-solutions-that-matter\" title=\"View all posts in Innovative Solutions That Matter\">, Innovative Solutions That Matter<\/a><\/div>\t\t<\/div>\n\t\t\t\t\t<div class=\"sc_services_item_content\"><p>VR g\u00f6zl\u00fcklerin yan\u0131 s\u0131ra web, masa\u00fcst\u00fc ve mobil eri\u015fim se\u00e7enekleri.<\/p>\n<\/div>\n\t\t\t<div class=\"sc_services_item_button sc_item_button\"><a href=\"https:\/\/vita-l.com\/?cpt_services=accessible-flexible-learning\" class=\"sc_button sc_button_simple\">Learn more<\/a><\/div>\n\t\t\t<\/div>\n<\/div>\n<\/div><div class=\"trx_addons_column-1_5\"><div class=\"sc_services_item with_content with_image sc_services_item_featured_top\">\n\t<div class=\"post_featured with_thumb hover_dots sc_services_item_thumb\"><img loading=\"lazy\" decoding=\"async\" width=\"500\" height=\"474\" src=\"https:\/\/vita-l.com\/wp-content\/uploads\/2025\/05\/Icon-Highly-Realistic-Environments-500x474.png\" class=\"attachment-weedles-thumb-med size-weedles-thumb-med wp-post-image\" alt=\"Highly Realistic Environments\" \/><div class=\"mask\"><\/div><a href=\"https:\/\/vita-l.com\/?cpt_services=highly-realistic-environments\" aria-hidden=\"true\" class=\"icons\"><span><\/span><span><\/span><span><\/span><\/a><\/div>\t\n\t<div class=\"sc_services_item_info\">\n\t\t<div class=\"sc_services_item_header\">\n\t\t\t\t\t\t<h6 class=\"sc_services_item_title\"><a href=\"https:\/\/vita-l.com\/?cpt_services=highly-realistic-environments\">Highly Realistic Environments<\/a><\/h6>\n\t\t\t<div class=\"sc_services_item_subtitle\"><a href=\"https:\/\/vita-l.com\/?cpt_services_group=immersive-real-world-simulations\" title=\"View all posts in Immersive Real-World Simulations\">Immersive Real-World Simulations<\/a><a href=\"https:\/\/vita-l.com\/?cpt_services_group=innovative-solutions-that-matter\" title=\"View all posts in Innovative Solutions That Matter\">, Innovative Solutions That Matter<\/a><\/div>\t\t<\/div>\n\t\t\t\t\t<div class=\"sc_services_item_content\"><p>Dijital ikizler, volumetrik video ve 3D ortam tasar\u0131mlar\u0131yla \u00f6l\u00e7\u00fclebilir etkile\u015fim.<\/p>\n<\/div>\n\t\t\t<div class=\"sc_services_item_button sc_item_button\"><a href=\"https:\/\/vita-l.com\/?cpt_services=highly-realistic-environments\" class=\"sc_button sc_button_simple\">Learn more<\/a><\/div>\n\t\t\t<\/div>\n<\/div>\n<\/div><div class=\"trx_addons_column-1_5\"><div class=\"sc_services_item with_content with_image sc_services_item_featured_top\">\n\t<div class=\"post_featured with_thumb hover_dots sc_services_item_thumb\"><img loading=\"lazy\" decoding=\"async\" width=\"500\" height=\"474\" src=\"https:\/\/vita-l.com\/wp-content\/uploads\/2025\/05\/Icon-Policy-Simulations-500x474.png\" class=\"attachment-weedles-thumb-med size-weedles-thumb-med wp-post-image\" alt=\"Policy Simulations\" \/><div class=\"mask\"><\/div><a href=\"https:\/\/vita-l.com\/?cpt_services=policy-simulations\" aria-hidden=\"true\" class=\"icons\"><span><\/span><span><\/span><span><\/span><\/a><\/div>\t\n\t<div class=\"sc_services_item_info\">\n\t\t<div class=\"sc_services_item_header\">\n\t\t\t\t\t\t<h6 class=\"sc_services_item_title\"><a href=\"https:\/\/vita-l.com\/?cpt_services=policy-simulations\">Policy Simulations<\/a><\/h6>\n\t\t\t<div class=\"sc_services_item_subtitle\"><a href=\"https:\/\/vita-l.com\/?cpt_services_group=innovative-solutions-that-matter\" title=\"View all posts in Innovative Solutions That Matter\">Innovative Solutions That Matter<\/a><a href=\"https:\/\/vita-l.com\/?cpt_services_group=policy-simulations\" title=\"View all posts in Policy Simulations\">, Policy Simulations<\/a><\/div>\t\t<\/div>\n\t\t\t\t\t<div class=\"sc_services_item_content\"><p>Diplomasi, kriz y\u00f6netimi, etik ve toplumsal kat\u0131l\u0131m senaryolar\u0131nda immersive deneyimler.<\/p>\n<\/div>\n\t\t\t<div class=\"sc_services_item_button sc_item_button\"><a href=\"https:\/\/vita-l.com\/?cpt_services=policy-simulations\" class=\"sc_button sc_button_simple\">Learn more<\/a><\/div>\n\t\t\t<\/div>\n<\/div>\n<\/div><\/div><\/div><!-- \/.sc_services -->[\/vc_column][\/vc_row]<\/p>\n<\/div>","protected":false},"excerpt":{"rendered":"<p>[vc_row][vc_column icons_position=&#8221;left&#8221;][vc_empty_space height=&#8221;&#8221; alter_height=&#8221;large&#8221; hide_on_mobile=&#8221;&#8221; hide_on_desktop=&#8221;&#8221; hide_on_notebook=&#8221;&#8221; hide_on_tablet=&#8221;&#8221;][vc_empty_space height=&#8221;&#8221; alter_height=&#8221;medium&#8221; hide_on_mobile=&#8221;&#8221; hide_on_desktop=&#8221;&#8221; hide_on_notebook=&#8221;&#8221; hide_on_tablet=&#8221;&#8221;][vc_column_text css=&#8221;&#8221;]VITA PolicyLab brings together policy intelligence, artificial intelligence, and immersive technologies to design experience-driven, data-informed, and scalable solutions. Our expertise lies at the intersection of PolicyTech, immersive learning, and responsible AI, enabling institutions to train, test, and transform decision-making processes. Core Areas of Expertise AI-Driven Policy&hellip;<\/p>\n","protected":false},"author":1,"featured_media":0,"parent":0,"menu_order":0,"comment_status":"closed","ping_status":"closed","template":"","meta":{"footnotes":""},"class_list":["post-661","page","type-page","status-publish","hentry"],"_links":{"self":[{"href":"https:\/\/vita-l.com\/index.php?rest_route=\/wp\/v2\/pages\/661","targetHints":{"allow":["GET"]}}],"collection":[{"href":"https:\/\/vita-l.com\/index.php?rest_route=\/wp\/v2\/pages"}],"about":[{"href":"https:\/\/vita-l.com\/index.php?rest_route=\/wp\/v2\/types\/page"}],"author":[{"embeddable":true,"href":"https:\/\/vita-l.com\/index.php?rest_route=\/wp\/v2\/users\/1"}],"replies":[{"embeddable":true,"href":"https:\/\/vita-l.com\/index.php?rest_route=%2Fwp%2Fv2%2Fcomments&post=661"}],"version-history":[{"count":5,"href":"https:\/\/vita-l.com\/index.php?rest_route=\/wp\/v2\/pages\/661\/revisions"}],"predecessor-version":[{"id":1267,"href":"https:\/\/vita-l.com\/index.php?rest_route=\/wp\/v2\/pages\/661\/revisions\/1267"}],"wp:attachment":[{"href":"https:\/\/vita-l.com\/index.php?rest_route=%2Fwp%2Fv2%2Fmedia&parent=661"}],"curies":[{"name":"wp","href":"https:\/\/api.w.org\/{rel}","templated":true}]}}