{"id":233,"date":"2017-05-08T15:05:49","date_gmt":"2017-05-08T15:05:49","guid":{"rendered":"https:\/\/vrlab.studio\/?page_id=233"},"modified":"2026-01-18T22:23:19","modified_gmt":"2026-01-18T22:23:19","slug":"projects","status":"publish","type":"page","link":"https:\/\/vita-l.com\/?page_id=233","title":{"rendered":"PROJECTS"},"content":{"rendered":"<div class=\"wpb-content-wrapper\"><p>[vc_row][vc_column][vc_column_text css=&#8221;&#8221;]<\/p>\n<h3><b>Our Projects<\/b><\/h3>\n<p class=\"p1\"><span class=\"s1\">At <\/span><b>VITA Lab<\/b><span class=\"s1\">, we develop <\/span><b>immersive technology and AI-driven solutions<\/b><span class=\"s1\"> for the fields of <\/span><b>policy and education<\/b><span class=\"s1\">. Our projects deliver innovative experiences for institutions across areas such as <\/span><b>diplomacy, crisis management, ethics, societal engagement, and cultural heritage<\/b><span class=\"s1\">.<\/span><\/p>\n<p class=\"p3\">On this page, you will find both our <span class=\"s2\"><b>completed projects<\/b><\/span> and the <span class=\"s2\"><b>projects currently in development<\/b><\/span>. Each initiative represents a concrete expression of our vision to <span class=\"s2\"><b>bridge technology and policy<\/b><\/span> through immersive and forward-looking solutions.<\/p>\n<p>&nbsp;<\/p>\n<p>&nbsp;[\/vc_column_text][vc_column_text css=&#8221;&#8221;][\/vc_column_text]<div id=\"sc_services_79504318\" class=\"sc_services color_style_default sc_services_default sc_services_featured_top\"><h3 class=\"sc_item_title sc_services_title sc_align_left sc_item_title_style_default\">Completed Projects<\/h3><div class=\"sc_services_columns sc_item_columns sc_item_columns_3 trx_addons_columns_wrap columns_padding_bottom\"><div class=\"trx_addons_column-1_3\"><div class=\"sc_services_item with_content with_image sc_services_item_featured_top\">\n\t<div class=\"post_featured with_thumb hover_dots sc_services_item_thumb\"><img fetchpriority=\"high\" decoding=\"async\" width=\"740\" height=\"474\" src=\"https:\/\/vita-l.com\/wp-content\/uploads\/2017\/04\/VR-Lab-\u2013-Dconferance-1-740x474.png\" class=\"attachment-weedles-thumb-med size-weedles-thumb-med wp-post-image\" alt=\"Earthquake Emergency Kit VR Simulation\" \/><div class=\"mask\"><\/div><a href=\"https:\/\/vita-l.com\/?p=145\" aria-hidden=\"true\" class=\"icons\"><span><\/span><span><\/span><span><\/span><\/a><\/div>\t\n\t<div class=\"sc_services_item_info\">\n\t\t<div class=\"sc_services_item_header\">\n\t\t\t<h4 class=\"sc_services_item_title\"><a href=\"https:\/\/vita-l.com\/?p=145\">Earthquake Emergency Kit VR Simulation<\/a><\/h4>\n\t\t\t<div class=\"sc_services_item_subtitle\"><\/div>\n\t\t<\/div>\n\t\t\t\t\t<div class=\"sc_services_item_content\"><p>\u0130zmir\u2019in en eski yerle\u015fimini dijital ikiz ve VR teknolojisiyle yeniden ya\u015fatan, tarih \u00f6ncesi g\u00fcnl\u00fck ya\u015fam\u0131 ke\u015ffetme f\u0131rsat\u0131 sunan deneyim.<\/p>\n<\/div>\n\t\t\t<div class=\"sc_services_item_button sc_item_button\"><a href=\"https:\/\/vita-l.com\/?p=145\" class=\"sc_button sc_button_simple\">Learn more<\/a><\/div>\n\t\t\t<\/div>\n<\/div>\n<\/div><div class=\"trx_addons_column-1_3\"><div class=\"sc_services_item with_content with_image sc_services_item_featured_top\">\n\t<div class=\"post_featured with_thumb hover_dots sc_services_item_thumb\"><img decoding=\"async\" width=\"740\" height=\"474\" src=\"https:\/\/vita-l.com\/wp-content\/uploads\/2017\/04\/VR-Lab-\u2013-Dconferance-3-740x474.png\" class=\"attachment-weedles-thumb-med size-weedles-thumb-med wp-post-image\" alt=\"Ye\u015filova H\u00f6y\u00fc\u011f\u00fc VR Experience\" \/><div class=\"mask\"><\/div><a href=\"https:\/\/vita-l.com\/?p=148\" aria-hidden=\"true\" class=\"icons\"><span><\/span><span><\/span><span><\/span><\/a><\/div>\t\n\t<div class=\"sc_services_item_info\">\n\t\t<div class=\"sc_services_item_header\">\n\t\t\t<h4 class=\"sc_services_item_title\"><a href=\"https:\/\/vita-l.com\/?p=148\">Ye\u015filova H\u00f6y\u00fc\u011f\u00fc VR Experience<\/a><\/h4>\n\t\t\t<div class=\"sc_services_item_subtitle\"><\/div>\n\t\t<\/div>\n\t\t\t\t\t<div class=\"sc_services_item_content\"><p>\u0130zmir\u2019in en eski yerle\u015fimini dijital ikiz ve VR teknolojisiyle yeniden ya\u015fatan, tarih \u00f6ncesi g\u00fcnl\u00fck ya\u015fam\u0131 ke\u015ffetme f\u0131rsat\u0131 sunan deneyim.<\/p>\n<\/div>\n\t\t\t<div class=\"sc_services_item_button sc_item_button\"><a href=\"https:\/\/vita-l.com\/?p=148\" class=\"sc_button sc_button_simple\">Learn more<\/a><\/div>\n\t\t\t<\/div>\n<\/div>\n<\/div><div class=\"trx_addons_column-1_3\"><div class=\"sc_services_item with_content with_image sc_services_item_featured_top\">\n\t<div class=\"post_featured with_thumb hover_dots sc_services_item_thumb\"><img decoding=\"async\" width=\"740\" height=\"474\" src=\"https:\/\/vita-l.com\/wp-content\/uploads\/2025\/09\/Ekran-Resmi-2025-06-03-17.13.29-740x474.png\" class=\"attachment-weedles-thumb-med size-weedles-thumb-med wp-post-image\" alt=\"Zeytin Hasad\u0131 VR E\u011fitimi\" \/><div class=\"mask\"><\/div><a href=\"https:\/\/vita-l.com\/?p=1159\" aria-hidden=\"true\" class=\"icons\"><span><\/span><span><\/span><span><\/span><\/a><\/div>\t\n\t<div class=\"sc_services_item_info\">\n\t\t<div class=\"sc_services_item_header\">\n\t\t\t<h4 class=\"sc_services_item_title\"><a href=\"https:\/\/vita-l.com\/?p=1159\">Zeytin Hasad\u0131 VR E\u011fitimi<\/a><\/h4>\n\t\t\t<div class=\"sc_services_item_subtitle\"><\/div>\n\t\t<\/div>\n\t\t\t\t\t<div class=\"sc_services_item_content\"><p>Dal sars\u0131c\u0131 ve dal \u00e7\u0131rp\u0131c\u0131yla hasat y\u00f6ntemlerini sanal ortamda deneyimleyerek ekipman bilgisi ve uygulamal\u0131 \u00f6\u011frenme sa\u011flayan VR e\u011fitimi.<br \/>\n.<\/p>\n<\/div>\n\t\t\t<div class=\"sc_services_item_button sc_item_button\"><a href=\"https:\/\/vita-l.com\/?p=1159\" class=\"sc_button sc_button_simple\">Learn more<\/a><\/div>\n\t\t\t<\/div>\n<\/div>\n<\/div><\/div><\/div><!-- \/.sc_services --><div id=\"sc_services_1660560430\" class=\"sc_services color_style_default sc_services_default sc_services_featured_top\"><h3 class=\"sc_item_title sc_services_title sc_align_left sc_item_title_style_default\">Current Projects<\/h3><div class=\"sc_services_columns sc_item_columns sc_item_columns_3 trx_addons_columns_wrap columns_padding_bottom\"><div class=\"trx_addons_column-1_3\"><div class=\"sc_services_item with_content with_image sc_services_item_featured_top\">\n\t<div class=\"post_featured with_thumb hover_dots sc_services_item_thumb\"><img loading=\"lazy\" decoding=\"async\" width=\"740\" height=\"474\" src=\"https:\/\/vita-l.com\/wp-content\/uploads\/2025\/09\/Web-foto1-2-740x474.png\" class=\"attachment-weedles-thumb-med size-weedles-thumb-med wp-post-image\" alt=\"Diplomacy and Negotiation VR Training\" srcset=\"https:\/\/vita-l.com\/wp-content\/uploads\/2025\/09\/Web-foto1-2-740x474.png 740w, https:\/\/vita-l.com\/wp-content\/uploads\/2025\/09\/Web-foto1-2-300x193.png 300w, https:\/\/vita-l.com\/wp-content\/uploads\/2025\/09\/Web-foto1-2-370x238.png 370w\" sizes=\"(max-width: 740px) 100vw, 740px\" \/><div class=\"mask\"><\/div><a href=\"https:\/\/vita-l.com\/?p=151\" aria-hidden=\"true\" class=\"icons\"><span><\/span><span><\/span><span><\/span><\/a><\/div>\t\n\t<div class=\"sc_services_item_info\">\n\t\t<div class=\"sc_services_item_header\">\n\t\t\t<h4 class=\"sc_services_item_title\"><a href=\"https:\/\/vita-l.com\/?p=151\">Diplomacy and Negotiation VR Training<\/a><\/h4>\n\t\t\t<div class=\"sc_services_item_subtitle\"><\/div>\n\t\t<\/div>\n\t\t\t\t\t<div class=\"sc_services_item_content\"><p>Uluslararas\u0131 toplant\u0131lar\u0131 sim\u00fcle eden VR deneyimi; kat\u0131l\u0131mc\u0131lar\u0131n m\u00fczakere, ikna ve i\u015fbirli\u011fi becerilerini geli\u015ftirirken yapay zek\u00e2 destekli geri bildirim sa\u011flar.<\/p>\n<\/div>\n\t\t\t<div class=\"sc_services_item_button sc_item_button\"><a href=\"https:\/\/vita-l.com\/?p=151\" class=\"sc_button sc_button_simple\">Learn more<\/a><\/div>\n\t\t\t<\/div>\n<\/div>\n<\/div><div class=\"trx_addons_column-1_3\"><div class=\"sc_services_item with_content with_image sc_services_item_featured_top\">\n\t<div class=\"post_featured with_thumb hover_dots sc_services_item_thumb\"><img loading=\"lazy\" decoding=\"async\" width=\"740\" height=\"474\" src=\"https:\/\/vita-l.com\/wp-content\/uploads\/2025\/09\/multiracial-group-of-happy-business-seminar-attend-2024-12-13-18-19-33-utc-740x474.jpg\" class=\"attachment-weedles-thumb-med size-weedles-thumb-med wp-post-image\" alt=\"Crisis Management and Decision-Making Simulation\" \/><div class=\"mask\"><\/div><a href=\"https:\/\/vita-l.com\/?p=154\" aria-hidden=\"true\" class=\"icons\"><span><\/span><span><\/span><span><\/span><\/a><\/div>\t\n\t<div class=\"sc_services_item_info\">\n\t\t<div class=\"sc_services_item_header\">\n\t\t\t<h4 class=\"sc_services_item_title\"><a href=\"https:\/\/vita-l.com\/?p=154\">Crisis Management and Decision-Making Simulation<\/a><\/h4>\n\t\t\t<div class=\"sc_services_item_subtitle\"><\/div>\n\t\t<\/div>\n\t\t\t\t\t<div class=\"sc_services_item_content\"><p>Enerji, g\u00f6\u00e7 ve siber sald\u0131r\u0131 gibi senaryolarda kriz an\u0131nda karar alma s\u00fcre\u00e7lerini test eden interaktif VR sim\u00fclasyonu.<\/p>\n<\/div>\n\t\t\t<div class=\"sc_services_item_button sc_item_button\"><a href=\"https:\/\/vita-l.com\/?p=154\" class=\"sc_button sc_button_simple\">Learn more<\/a><\/div>\n\t\t\t<\/div>\n<\/div>\n<\/div><div class=\"trx_addons_column-1_3\"><div class=\"sc_services_item with_content with_image sc_services_item_featured_top\">\n\t<div class=\"post_featured with_thumb hover_dots sc_services_item_thumb\"><img loading=\"lazy\" decoding=\"async\" width=\"740\" height=\"474\" src=\"https:\/\/vita-l.com\/wp-content\/uploads\/2025\/09\/diverse-people-in-a-seminar-2025-02-03-10-14-14-utc-740x474.jpg\" class=\"attachment-weedles-thumb-med size-weedles-thumb-med wp-post-image\" alt=\"Diversity and Inclusion Empathy Training\" \/><div class=\"mask\"><\/div><a href=\"https:\/\/vita-l.com\/?p=157\" aria-hidden=\"true\" class=\"icons\"><span><\/span><span><\/span><span><\/span><\/a><\/div>\t\n\t<div class=\"sc_services_item_info\">\n\t\t<div class=\"sc_services_item_header\">\n\t\t\t<h4 class=\"sc_services_item_title\"><a href=\"https:\/\/vita-l.com\/?p=157\">Diversity and Inclusion Empathy Training<\/a><\/h4>\n\t\t\t<div class=\"sc_services_item_subtitle\"><\/div>\n\t\t<\/div>\n\t\t\t\t\t<div class=\"sc_services_item_content\"><p>Farkl\u0131 kimliklere b\u00fcr\u00fcnmeye dayal\u0131 immersive senaryolarla empatiyi art\u0131ran ve kapsay\u0131c\u0131 ileti\u015fim becerilerini geli\u015ftiren e\u011fitim deneyimi.<\/p>\n<\/div>\n\t\t\t<div class=\"sc_services_item_button sc_item_button\"><a href=\"https:\/\/vita-l.com\/?p=157\" class=\"sc_button sc_button_simple\">Learn more<\/a><\/div>\n\t\t\t<\/div>\n<\/div>\n<\/div><\/div><\/div><!-- \/.sc_services -->[\/vc_column][\/vc_row][vc_row][vc_column][\/vc_column][\/vc_row][vc_row][vc_column]<div id=\"sc_services_1683021485\" class=\"sc_services color_style_default sc_services_light sc_services_featured_top\"><h3 class=\"sc_item_title sc_services_title sc_align_left sc_item_title_style_default\">Solutions That Make a Difference<\/h3><div class=\"sc_services_columns sc_item_columns sc_item_columns_5 trx_addons_columns_wrap columns_padding_bottom\"><div class=\"trx_addons_column-1_5\"><div class=\"sc_services_item with_content with_image sc_services_item_featured_top\">\n\t<div class=\"post_featured with_thumb hover_dots sc_services_item_thumb\"><img loading=\"lazy\" decoding=\"async\" width=\"500\" height=\"474\" src=\"https:\/\/vita-l.com\/wp-content\/uploads\/2025\/05\/Icon-int500-500x474.png\" class=\"attachment-weedles-thumb-med size-weedles-thumb-med wp-post-image\" alt=\"International Reach\" \/><div class=\"mask\"><\/div><a href=\"https:\/\/vita-l.com\/?cpt_services=international-reach\" aria-hidden=\"true\" class=\"icons\"><span><\/span><span><\/span><span><\/span><\/a><\/div>\t\n\t<div class=\"sc_services_item_info\">\n\t\t<div class=\"sc_services_item_header\">\n\t\t\t\t\t\t<h6 class=\"sc_services_item_title\"><a href=\"https:\/\/vita-l.com\/?cpt_services=international-reach\">International Reach<\/a><\/h6>\n\t\t\t<div class=\"sc_services_item_subtitle\"><a href=\"https:\/\/vita-l.com\/?cpt_services_group=innovative-solutions-that-matter\" title=\"View all posts in Innovative Solutions That Matter\">Innovative Solutions That Matter<\/a><a href=\"https:\/\/vita-l.com\/?cpt_services_group=internationalreach\" title=\"View all posts in International Reach\">, International Reach<\/a><\/div>\t\t<\/div>\n\t\t\t\t\t<div class=\"sc_services_item_content\"><p>AB ve BM kurumlar\u0131yla uyumlu, fon destekli ve k\u00fcresel pazara a\u00e7\u0131k \u00e7\u00f6z\u00fcmler.<\/p>\n<\/div>\n\t\t\t<div class=\"sc_services_item_button sc_item_button\"><a href=\"https:\/\/vita-l.com\/?cpt_services=international-reach\" class=\"sc_button sc_button_simple\">Learn more<\/a><\/div>\n\t\t\t<\/div>\n<\/div>\n<\/div><div class=\"trx_addons_column-1_5\"><div class=\"sc_services_item with_content with_image sc_services_item_featured_top\">\n\t<div class=\"post_featured with_thumb hover_dots sc_services_item_thumb\"><img loading=\"lazy\" decoding=\"async\" width=\"200\" height=\"200\" src=\"https:\/\/vita-l.com\/wp-content\/uploads\/2017\/05\/Ai-Icon.png\" class=\"attachment-weedles-thumb-med size-weedles-thumb-med wp-post-image\" alt=\"AI-Driven Integration\" srcset=\"https:\/\/vita-l.com\/wp-content\/uploads\/2017\/05\/Ai-Icon.png 200w, https:\/\/vita-l.com\/wp-content\/uploads\/2017\/05\/Ai-Icon-150x150.png 150w, https:\/\/vita-l.com\/wp-content\/uploads\/2017\/05\/Ai-Icon-90x90.png 90w, https:\/\/vita-l.com\/wp-content\/uploads\/2017\/05\/Ai-Icon-100x100.png 100w\" sizes=\"(max-width: 200px) 100vw, 200px\" \/><div class=\"mask\"><\/div><a href=\"https:\/\/vita-l.com\/?cpt_services=ai-driven-integration\" aria-hidden=\"true\" class=\"icons\"><span><\/span><span><\/span><span><\/span><\/a><\/div>\t\n\t<div class=\"sc_services_item_info\">\n\t\t<div class=\"sc_services_item_header\">\n\t\t\t\t\t\t<h6 class=\"sc_services_item_title\"><a href=\"https:\/\/vita-l.com\/?cpt_services=ai-driven-integration\">AI-Driven Integration<\/a><\/h6>\n\t\t\t<div class=\"sc_services_item_subtitle\"><a href=\"https:\/\/vita-l.com\/?cpt_services_group=ai-driven-integration\" title=\"View all posts in AI-Driven Integration\">AI-Driven Integration<\/a><a href=\"https:\/\/vita-l.com\/?cpt_services_group=innovative-solutions-that-matter\" title=\"View all posts in Innovative Solutions That Matter\">, Innovative Solutions That Matter<\/a><\/div>\t\t<\/div>\n\t\t\t\t\t<div class=\"sc_services_item_content\"><p>AI destekli geri bildirim, ileti\u015fim analizi ve karar sim\u00fclasyonu.<\/p>\n<\/div>\n\t\t\t<div class=\"sc_services_item_button sc_item_button\"><a href=\"https:\/\/vita-l.com\/?cpt_services=ai-driven-integration\" class=\"sc_button sc_button_simple\">Learn more<\/a><\/div>\n\t\t\t<\/div>\n<\/div>\n<\/div><div class=\"trx_addons_column-1_5\"><div class=\"sc_services_item with_content with_image sc_services_item_featured_top\">\n\t<div class=\"post_featured with_thumb hover_dots sc_services_item_thumb\"><img loading=\"lazy\" decoding=\"async\" width=\"500\" height=\"474\" src=\"https:\/\/vita-l.com\/wp-content\/uploads\/2025\/05\/Icon-Accessible-Flexible-Learning-500x474.png\" class=\"attachment-weedles-thumb-med size-weedles-thumb-med wp-post-image\" alt=\"Accessible &#038; Flexible Learning\" \/><div class=\"mask\"><\/div><a href=\"https:\/\/vita-l.com\/?cpt_services=accessible-flexible-learning\" aria-hidden=\"true\" class=\"icons\"><span><\/span><span><\/span><span><\/span><\/a><\/div>\t\n\t<div class=\"sc_services_item_info\">\n\t\t<div class=\"sc_services_item_header\">\n\t\t\t\t\t\t<h6 class=\"sc_services_item_title\"><a href=\"https:\/\/vita-l.com\/?cpt_services=accessible-flexible-learning\">Accessible &#038; Flexible Learning<\/a><\/h6>\n\t\t\t<div class=\"sc_services_item_subtitle\"><a href=\"https:\/\/vita-l.com\/?cpt_services_group=accessible-learning\" title=\"View all posts in Accessible Learning\">Accessible Learning<\/a><a href=\"https:\/\/vita-l.com\/?cpt_services_group=innovative-solutions-that-matter\" title=\"View all posts in Innovative Solutions That Matter\">, Innovative Solutions That Matter<\/a><\/div>\t\t<\/div>\n\t\t\t\t\t<div class=\"sc_services_item_content\"><p>VR g\u00f6zl\u00fcklerin yan\u0131 s\u0131ra web, masa\u00fcst\u00fc ve mobil eri\u015fim se\u00e7enekleri.<\/p>\n<\/div>\n\t\t\t<div class=\"sc_services_item_button sc_item_button\"><a href=\"https:\/\/vita-l.com\/?cpt_services=accessible-flexible-learning\" class=\"sc_button sc_button_simple\">Learn more<\/a><\/div>\n\t\t\t<\/div>\n<\/div>\n<\/div><div class=\"trx_addons_column-1_5\"><div class=\"sc_services_item with_content with_image sc_services_item_featured_top\">\n\t<div class=\"post_featured with_thumb hover_dots sc_services_item_thumb\"><img loading=\"lazy\" decoding=\"async\" width=\"500\" height=\"474\" src=\"https:\/\/vita-l.com\/wp-content\/uploads\/2025\/05\/Icon-Highly-Realistic-Environments-500x474.png\" class=\"attachment-weedles-thumb-med size-weedles-thumb-med wp-post-image\" alt=\"Highly Realistic Environments\" \/><div class=\"mask\"><\/div><a href=\"https:\/\/vita-l.com\/?cpt_services=highly-realistic-environments\" aria-hidden=\"true\" class=\"icons\"><span><\/span><span><\/span><span><\/span><\/a><\/div>\t\n\t<div class=\"sc_services_item_info\">\n\t\t<div class=\"sc_services_item_header\">\n\t\t\t\t\t\t<h6 class=\"sc_services_item_title\"><a href=\"https:\/\/vita-l.com\/?cpt_services=highly-realistic-environments\">Highly Realistic Environments<\/a><\/h6>\n\t\t\t<div class=\"sc_services_item_subtitle\"><a href=\"https:\/\/vita-l.com\/?cpt_services_group=immersive-real-world-simulations\" title=\"View all posts in Immersive Real-World Simulations\">Immersive Real-World Simulations<\/a><a href=\"https:\/\/vita-l.com\/?cpt_services_group=innovative-solutions-that-matter\" title=\"View all posts in Innovative Solutions That Matter\">, Innovative Solutions That Matter<\/a><\/div>\t\t<\/div>\n\t\t\t\t\t<div class=\"sc_services_item_content\"><p>Dijital ikizler, volumetrik video ve 3D ortam tasar\u0131mlar\u0131yla \u00f6l\u00e7\u00fclebilir etkile\u015fim.<\/p>\n<\/div>\n\t\t\t<div class=\"sc_services_item_button sc_item_button\"><a href=\"https:\/\/vita-l.com\/?cpt_services=highly-realistic-environments\" class=\"sc_button sc_button_simple\">Learn more<\/a><\/div>\n\t\t\t<\/div>\n<\/div>\n<\/div><div class=\"trx_addons_column-1_5\"><div class=\"sc_services_item with_content with_image sc_services_item_featured_top\">\n\t<div class=\"post_featured with_thumb hover_dots sc_services_item_thumb\"><img loading=\"lazy\" decoding=\"async\" width=\"500\" height=\"474\" src=\"https:\/\/vita-l.com\/wp-content\/uploads\/2025\/05\/Icon-Policy-Simulations-500x474.png\" class=\"attachment-weedles-thumb-med size-weedles-thumb-med wp-post-image\" alt=\"Policy Simulations\" \/><div class=\"mask\"><\/div><a href=\"https:\/\/vita-l.com\/?cpt_services=policy-simulations\" aria-hidden=\"true\" class=\"icons\"><span><\/span><span><\/span><span><\/span><\/a><\/div>\t\n\t<div class=\"sc_services_item_info\">\n\t\t<div class=\"sc_services_item_header\">\n\t\t\t\t\t\t<h6 class=\"sc_services_item_title\"><a href=\"https:\/\/vita-l.com\/?cpt_services=policy-simulations\">Policy Simulations<\/a><\/h6>\n\t\t\t<div class=\"sc_services_item_subtitle\"><a href=\"https:\/\/vita-l.com\/?cpt_services_group=innovative-solutions-that-matter\" title=\"View all posts in Innovative Solutions That Matter\">Innovative Solutions That Matter<\/a><a href=\"https:\/\/vita-l.com\/?cpt_services_group=policy-simulations\" title=\"View all posts in Policy Simulations\">, Policy Simulations<\/a><\/div>\t\t<\/div>\n\t\t\t\t\t<div class=\"sc_services_item_content\"><p>Diplomasi, kriz y\u00f6netimi, etik ve toplumsal kat\u0131l\u0131m senaryolar\u0131nda immersive deneyimler.<\/p>\n<\/div>\n\t\t\t<div class=\"sc_services_item_button sc_item_button\"><a href=\"https:\/\/vita-l.com\/?cpt_services=policy-simulations\" class=\"sc_button sc_button_simple\">Learn more<\/a><\/div>\n\t\t\t<\/div>\n<\/div>\n<\/div><\/div><\/div><!-- \/.sc_services -->[\/vc_column][\/vc_row]<\/p>\n<\/div>","protected":false},"excerpt":{"rendered":"<p>[vc_row][vc_column][vc_column_text css=&#8221;&#8221;] Our Projects At VITA Lab, we develop immersive technology and AI-driven solutions for the fields of policy and education. Our projects deliver innovative experiences for institutions across areas such as diplomacy, crisis management, ethics, societal engagement, and cultural heritage. On this page, you will find both our completed projects and the projects currently in development. Each initiative represents&hellip;<\/p>\n","protected":false},"author":1,"featured_media":0,"parent":0,"menu_order":0,"comment_status":"closed","ping_status":"closed","template":"","meta":{"footnotes":""},"class_list":["post-233","page","type-page","status-publish","hentry"],"_links":{"self":[{"href":"https:\/\/vita-l.com\/index.php?rest_route=\/wp\/v2\/pages\/233","targetHints":{"allow":["GET"]}}],"collection":[{"href":"https:\/\/vita-l.com\/index.php?rest_route=\/wp\/v2\/pages"}],"about":[{"href":"https:\/\/vita-l.com\/index.php?rest_route=\/wp\/v2\/types\/page"}],"author":[{"embeddable":true,"href":"https:\/\/vita-l.com\/index.php?rest_route=\/wp\/v2\/users\/1"}],"replies":[{"embeddable":true,"href":"https:\/\/vita-l.com\/index.php?rest_route=%2Fwp%2Fv2%2Fcomments&post=233"}],"version-history":[{"count":21,"href":"https:\/\/vita-l.com\/index.php?rest_route=\/wp\/v2\/pages\/233\/revisions"}],"predecessor-version":[{"id":1286,"href":"https:\/\/vita-l.com\/index.php?rest_route=\/wp\/v2\/pages\/233\/revisions\/1286"}],"wp:attachment":[{"href":"https:\/\/vita-l.com\/index.php?rest_route=%2Fwp%2Fv2%2Fmedia&parent=233"}],"curies":[{"name":"wp","href":"https:\/\/api.w.org\/{rel}","templated":true}]}}